{"id":161,"date":"2016-10-25T15:19:54","date_gmt":"2016-10-25T15:19:54","guid":{"rendered":"http:\/\/lawyer2.mythemecloud.io\/?page_id=161"},"modified":"2025-08-22T20:36:01","modified_gmt":"2025-08-22T18:36:01","slug":"home","status":"publish","type":"page","link":"https:\/\/sozialwerk-brandenburg.de\/","title":{"rendered":"Home"},"content":{"rendered":"\t\t<div data-elementor-type=\"wp-post\" data-elementor-id=\"161\" class=\"elementor elementor-161\">\n\t\t\t\t\t\t<section class=\"elementor-section elementor-top-section elementor-element elementor-element-q0x262l elementor-section-height-min-height elementor-section-full_width elementor-section-height-default elementor-section-items-middle\" data-id=\"q0x262l\" data-element_type=\"section\" data-settings=\"{&quot;background_background&quot;:&quot;slideshow&quot;,&quot;background_slideshow_gallery&quot;:[{&quot;id&quot;:509,&quot;url&quot;:&quot;http:\\\/\\\/sozialwerk-brandenburg.de\\\/wp-content\\\/uploads\\\/2022\\\/04\\\/Z_Inselhof_Button-1-1.jpg&quot;},{&quot;id&quot;:480,&quot;url&quot;:&quot;http:\\\/\\\/sozialwerk-brandenburg.de\\\/wp-content\\\/uploads\\\/2022\\\/04\\\/20220330_221436-1.jpg&quot;},{&quot;id&quot;:479,&quot;url&quot;:&quot;http:\\\/\\\/sozialwerk-brandenburg.de\\\/wp-content\\\/uploads\\\/2022\\\/04\\\/20220315_144117-1.jpg&quot;},{&quot;id&quot;:569,&quot;url&quot;:&quot;http:\\\/\\\/sozialwerk-brandenburg.de\\\/wp-content\\\/uploads\\\/2022\\\/04\\\/CIMG2935-1.jpg&quot;},{&quot;id&quot;:476,&quot;url&quot;:&quot;http:\\\/\\\/sozialwerk-brandenburg.de\\\/wp-content\\\/uploads\\\/2022\\\/04\\\/prora_mobilheim-1.jpg.734404-1.jpg&quot;},{&quot;id&quot;:581,&quot;url&quot;:&quot;http:\\\/\\\/sozialwerk-brandenburg.de\\\/wp-content\\\/uploads\\\/2022\\\/04\\\/Prora_MH-1.jpg&quot;},{&quot;id&quot;:394,&quot;url&quot;:&quot;http:\\\/\\\/sozialwerk-brandenburg.de\\\/wp-content\\\/uploads\\\/2022\\\/04\\\/Z_Inselhof2-1.jpg.808799-1.jpg&quot;},{&quot;id&quot;:395,&quot;url&quot;:&quot;http:\\\/\\\/sozialwerk-brandenburg.de\\\/wp-content\\\/uploads\\\/2022\\\/04\\\/Z_Inselhof3-1.jpg.808810-1.jpg&quot;},{&quot;id&quot;:392,&quot;url&quot;:&quot;http:\\\/\\\/sozialwerk-brandenburg.de\\\/wp-content\\\/uploads\\\/2022\\\/04\\\/Z_Grillplatz-1.jpg.808773-1.jpg&quot;},{&quot;id&quot;:379,&quot;url&quot;:&quot;http:\\\/\\\/sozialwerk-brandenburg.de\\\/wp-content\\\/uploads\\\/2022\\\/04\\\/P2080193.JPG.1310230SeebrueckeZinnowitz-1.jpg&quot;},{&quot;id&quot;:380,&quot;url&quot;:&quot;http:\\\/\\\/sozialwerk-brandenburg.de\\\/wp-content\\\/uploads\\\/2022\\\/04\\\/P2080202.JPG.1310241ZempinEisstrand-1.jpg&quot;},{&quot;id&quot;:369,&quot;url&quot;:&quot;http:\\\/\\\/sozialwerk-brandenburg.de\\\/wp-content\\\/uploads\\\/2022\\\/04\\\/BB_Z_Schaukel-1.jpg.809428-1.jpg&quot;},{&quot;id&quot;:378,&quot;url&quot;:&quot;http:\\\/\\\/sozialwerk-brandenburg.de\\\/wp-content\\\/uploads\\\/2022\\\/04\\\/P2080183.JPG.1310219ZempinWinterParkplatz-1.jpg&quot;},{&quot;id&quot;:383,&quot;url&quot;:&quot;http:\\\/\\\/sozialwerk-brandenburg.de\\\/wp-content\\\/uploads\\\/2022\\\/04\\\/P2090315.JPG.1310274-1.jpg&quot;},{&quot;id&quot;:359,&quot;url&quot;:&quot;http:\\\/\\\/sozialwerk-brandenburg.de\\\/wp-content\\\/uploads\\\/2022\\\/04\\\/BB_Z_Fahrradstaender-1.jpg.809307-1.jpg&quot;}],&quot;background_slideshow_loop&quot;:&quot;yes&quot;,&quot;background_slideshow_slide_duration&quot;:5000,&quot;background_slideshow_slide_transition&quot;:&quot;fade&quot;,&quot;background_slideshow_transition_duration&quot;:500}\">\n\t\t\t\t\t\t\t<div class=\"elementor-background-overlay\"><\/div>\n\t\t\t\t\t\t\t<div class=\"elementor-container elementor-column-gap-default\">\n\t\t\t\t\t<div class=\"elementor-column elementor-col-33 elementor-top-column elementor-element elementor-element-jlert5r\" data-id=\"jlert5r\" data-element_type=\"column\">\n\t\t\t<div class=\"elementor-widget-wrap\">\n\t\t\t\t\t\t\t<\/div>\n\t\t<\/div>\n\t\t\t\t<div class=\"elementor-column elementor-col-66 elementor-top-column elementor-element elementor-element-biy7ig8\" data-id=\"biy7ig8\" data-element_type=\"column\" data-settings=\"{&quot;background_background&quot;:&quot;gradient&quot;}\">\n\t\t\t<div class=\"elementor-widget-wrap elementor-element-populated\">\n\t\t\t\t\t<div class=\"elementor-background-overlay\"><\/div>\n\t\t\t\t\t\t<div class=\"elementor-element elementor-element-hj7wqof elementor-widget elementor-widget-heading\" data-id=\"hj7wqof\" data-element_type=\"widget\" data-widget_type=\"heading.default\">\n\t\t\t\t<div class=\"elementor-widget-container\">\n\t\t\t\t\t<h1 class=\"elementor-heading-title elementor-size-default\">Willkommen in unserem Sozialwerk<\/h1>\t\t\t\t<\/div>\n\t\t\t\t<\/div>\n\t\t\t\t<div class=\"elementor-element elementor-element-f6k1q97 elementor-widget-divider--view-line elementor-widget elementor-widget-divider\" data-id=\"f6k1q97\" data-element_type=\"widget\" data-widget_type=\"divider.default\">\n\t\t\t\t<div class=\"elementor-widget-container\">\n\t\t\t\t\t\t\t<div class=\"elementor-divider\">\n\t\t\t<span class=\"elementor-divider-separator\">\n\t\t\t\t\t\t<\/span>\n\t\t<\/div>\n\t\t\t\t\t\t<\/div>\n\t\t\t\t<\/div>\n\t\t\t\t<div class=\"elementor-element elementor-element-9kuff4d elementor-widget elementor-widget-text-editor\" data-id=\"9kuff4d\" data-element_type=\"widget\" data-widget_type=\"text-editor.default\">\n\t\t\t\t<div class=\"elementor-widget-container\">\n\t\t\t\t\t\t\t\t\t<p>Unser Sozialwerk wurde vor mehr als 30 Jahren gegr\u00fcndet und bietet seinen Mitgliedern und deren Familien umfangreiche M\u00f6glichkeiten, Erholung und Freizeit preiswert und erlebnisreich zu gestalten.<br \/>Mitglied k\u00f6nnen alle Bediensteten des Landes Brandenburg und deren Familienangeh\u00f6rige werden.<\/p><p>Sie k\u00f6nnen Ihren Urlaub jedoch nicht nur in unseren Erholungsobjekten am Ostseestrand in Prora oder Zempin verbringen, sondern auch die Angebote unserer Kooperationspartner nutzen. Und das nicht nur in den Ferien! Wie Sie wissen, ist die Ostsee zu jeder Jahreszeit ein Erlebnis und Radtourenkann man auch im Herbst oder Fr\u00fchjahr auf der Insel unternehmen.<\/p><p>Wollen Sie mehr \u00fcber die Angebote und unseren Verein erfahren?<br \/>Kontaktieren Sie uns. Wir beantworten gern Ihre Fragen und w\u00fcrden uns freuen, wenn Sie Teil der Gemeinschaft des Sozialwerks werden m\u00f6chten. Wir freuen uns auf Sie!<\/p><p>Es gr\u00fc\u00dfen Sie ganz herzlich der Vorstand und die Gesch\u00e4ftsstelle<\/p>\t\t\t\t\t\t\t\t<\/div>\n\t\t\t\t<\/div>\n\t\t\t\t<div class=\"elementor-element elementor-element-u5f0864 elementor-widget elementor-widget-button\" data-id=\"u5f0864\" data-element_type=\"widget\" data-widget_type=\"button.default\">\n\t\t\t\t<div class=\"elementor-widget-container\">\n\t\t\t\t\t\t\t\t\t<div class=\"elementor-button-wrapper\">\n\t\t\t\t\t<a class=\"elementor-button elementor-button-link elementor-size-sm\" href=\"https:\/\/sozialwerk-brandenburg.de\/index.php\/contact\/\">\n\t\t\t\t\t\t<span class=\"elementor-button-content-wrapper\">\n\t\t\t\t\t\t<span class=\"elementor-button-icon\">\n\t\t\t\t<svg aria-hidden=\"true\" class=\"e-font-icon-svg e-fas-long-arrow-alt-right\" viewBox=\"0 0 448 512\" xmlns=\"http:\/\/www.w3.org\/2000\/svg\"><path d=\"M313.941 216H12c-6.627 0-12 5.373-12 12v56c0 6.627 5.373 12 12 12h301.941v46.059c0 21.382 25.851 32.09 40.971 16.971l86.059-86.059c9.373-9.373 9.373-24.569 0-33.941l-86.059-86.059c-15.119-15.119-40.971-4.411-40.971 16.971V216z\"><\/path><\/svg>\t\t\t<\/span>\n\t\t\t\t\t\t\t\t\t<span class=\"elementor-button-text\">Kontaktieren Sie uns<\/span>\n\t\t\t\t\t<\/span>\n\t\t\t\t\t<\/a>\n\t\t\t\t<\/div>\n\t\t\t\t\t\t\t\t<\/div>\n\t\t\t\t<\/div>\n\t\t\t\t\t<\/div>\n\t\t<\/div>\n\t\t\t\t\t<\/div>\n\t\t<\/section>\n\t\t\t\t<section class=\"elementor-section elementor-top-section elementor-element elementor-element-ownwyz4 elementor-section-boxed elementor-section-height-default elementor-section-height-default\" data-id=\"ownwyz4\" data-element_type=\"section\" data-settings=\"{&quot;background_background&quot;:&quot;classic&quot;}\">\n\t\t\t\t\t\t<div class=\"elementor-container elementor-column-gap-default\">\n\t\t\t\t\t<div class=\"elementor-column elementor-col-100 elementor-top-column elementor-element elementor-element-gyk2vrf\" data-id=\"gyk2vrf\" data-element_type=\"column\">\n\t\t\t<div class=\"elementor-widget-wrap elementor-element-populated\">\n\t\t\t\t\t\t<div class=\"elementor-element elementor-element-jq33ejj elementor-widget elementor-widget-heading\" data-id=\"jq33ejj\" data-element_type=\"widget\" id=\"Erholungsobjekte\" data-widget_type=\"heading.default\">\n\t\t\t\t<div class=\"elementor-widget-container\">\n\t\t\t\t\t<h2 class=\"elementor-heading-title elementor-size-default\">Erholungsobjekte<\/h2>\t\t\t\t<\/div>\n\t\t\t\t<\/div>\n\t\t\t\t\t<\/div>\n\t\t<\/div>\n\t\t\t\t\t<\/div>\n\t\t<\/section>\n\t\t\t\t<section class=\"elementor-section elementor-top-section elementor-element elementor-element-l9ge4dm elementor-section-boxed elementor-section-height-default elementor-section-height-default\" data-id=\"l9ge4dm\" data-element_type=\"section\" data-settings=\"{&quot;background_background&quot;:&quot;classic&quot;}\">\n\t\t\t\t\t\t<div class=\"elementor-container elementor-column-gap-default\">\n\t\t\t\t\t<div class=\"elementor-column elementor-col-33 elementor-top-column elementor-element elementor-element-c1kacsv\" data-id=\"c1kacsv\" data-element_type=\"column\">\n\t\t\t<div class=\"elementor-widget-wrap elementor-element-populated\">\n\t\t\t\t\t\t<div class=\"elementor-element elementor-element-9b9c43d elementor-position-top elementor-widget elementor-widget-image-box\" data-id=\"9b9c43d\" data-element_type=\"widget\" data-widget_type=\"image-box.default\">\n\t\t\t\t<div class=\"elementor-widget-container\">\n\t\t\t\t\t<div class=\"elementor-image-box-wrapper\"><figure class=\"elementor-image-box-img\"><a href=\"https:\/\/sozialwerk-brandenburg.de\/index.php\/elementor-seite-2208\/\" tabindex=\"-1\"><img fetchpriority=\"high\" decoding=\"async\" width=\"456\" height=\"304\" src=\"https:\/\/sozialwerk-brandenburg.de\/wp-content\/uploads\/2022\/04\/BB_Z_Inselhof1.809275-1.jpg.809285-1.jpg\" class=\"attachment-full size-full wp-image-363\" alt=\"\" srcset=\"https:\/\/sozialwerk-brandenburg.de\/wp-content\/uploads\/2022\/04\/BB_Z_Inselhof1.809275-1.jpg.809285-1.jpg 456w, https:\/\/sozialwerk-brandenburg.de\/wp-content\/uploads\/2022\/04\/BB_Z_Inselhof1.809275-1.jpg.809285-1-300x200.jpg 300w\" sizes=\"(max-width: 456px) 100vw, 456px\" \/><\/a><\/figure><div class=\"elementor-image-box-content\"><h3 class=\"elementor-image-box-title\"><a href=\"https:\/\/sozialwerk-brandenburg.de\/index.php\/elementor-seite-2208\/\">\"Inselhof\" Zempin Usedom<\/a><\/h3><p class=\"elementor-image-box-description\">Unser Ferienobjekt in Zempin verf\u00fcgt \u00fcber zwei H\u00e4user mit 20 Appartments von 2 bis 5 Betten und eine Ferienwohnung f\u00fcr 2 Personen.  Kostenfreie Parkpl\u00e4tze sind auf dem Feriengel\u00e4nde verf\u00fcgbar.<i><\/i><\/p><\/div><\/div>\t\t\t\t<\/div>\n\t\t\t\t<\/div>\n\t\t\t\t\t<\/div>\n\t\t<\/div>\n\t\t\t\t<div class=\"elementor-column elementor-col-33 elementor-top-column elementor-element elementor-element-w4wadlb\" data-id=\"w4wadlb\" data-element_type=\"column\">\n\t\t\t<div class=\"elementor-widget-wrap elementor-element-populated\">\n\t\t\t\t\t\t<div class=\"elementor-element elementor-element-22d81c6 elementor-position-top elementor-widget elementor-widget-image-box\" data-id=\"22d81c6\" data-element_type=\"widget\" data-widget_type=\"image-box.default\">\n\t\t\t\t<div class=\"elementor-widget-container\">\n\t\t\t\t\t<div class=\"elementor-image-box-wrapper\"><figure class=\"elementor-image-box-img\"><a href=\"https:\/\/sozialwerk-brandenburg.de\/index.php\/prora\/\" tabindex=\"-1\"><img decoding=\"async\" width=\"692\" height=\"461\" src=\"https:\/\/sozialwerk-brandenburg.de\/wp-content\/uploads\/2022\/04\/CIMG8541-1.jpg\" class=\"attachment-full size-full wp-image-570\" alt=\"Frontalansicht Mobilheim in Prora\" srcset=\"https:\/\/sozialwerk-brandenburg.de\/wp-content\/uploads\/2022\/04\/CIMG8541-1.jpg 692w, https:\/\/sozialwerk-brandenburg.de\/wp-content\/uploads\/2022\/04\/CIMG8541-1-300x200.jpg 300w\" sizes=\"(max-width: 692px) 100vw, 692px\" \/><\/a><\/figure><div class=\"elementor-image-box-content\"><h3 class=\"elementor-image-box-title\"><a href=\"https:\/\/sozialwerk-brandenburg.de\/index.php\/prora\/\">Mobilheime Prora R\u00fcgen<\/a><\/h3><p class=\"elementor-image-box-description\">Unsere vier Mobilheime stehen auf einem Campingplatz direkt am Strand der Ostsee in einem Waldgebiet an der Proraer Wiek, einer der sch\u00f6nsten Str\u00e4nde auf R\u00fcgen. <br><br><\/p><\/div><\/div>\t\t\t\t<\/div>\n\t\t\t\t<\/div>\n\t\t\t\t\t<\/div>\n\t\t<\/div>\n\t\t\t\t<div class=\"elementor-column elementor-col-33 elementor-top-column elementor-element elementor-element-bjrzq7l\" data-id=\"bjrzq7l\" data-element_type=\"column\">\n\t\t\t<div class=\"elementor-widget-wrap elementor-element-populated\">\n\t\t\t\t\t\t<div class=\"elementor-element elementor-element-9aa474b elementor-position-top elementor-widget elementor-widget-image-box\" data-id=\"9aa474b\" data-element_type=\"widget\" data-widget_type=\"image-box.default\">\n\t\t\t\t<div class=\"elementor-widget-container\">\n\t\t\t\t\t<div class=\"elementor-image-box-wrapper\"><figure class=\"elementor-image-box-img\"><a href=\"https:\/\/sozialwerk-brandenburg.de\/index.php\/kooperationen\/\" tabindex=\"-1\"><img decoding=\"async\" width=\"649\" height=\"295\" src=\"https:\/\/sozialwerk-brandenburg.de\/wp-content\/uploads\/2022\/04\/Logo-Internet.JPG.774949-1.jpg\" class=\"attachment-large size-large wp-image-418\" alt=\"\" srcset=\"https:\/\/sozialwerk-brandenburg.de\/wp-content\/uploads\/2022\/04\/Logo-Internet.JPG.774949-1.jpg 649w, https:\/\/sozialwerk-brandenburg.de\/wp-content\/uploads\/2022\/04\/Logo-Internet.JPG.774949-1-300x136.jpg 300w\" sizes=\"(max-width: 649px) 100vw, 649px\" \/><\/a><\/figure><div class=\"elementor-image-box-content\"><h3 class=\"elementor-image-box-title\"><a href=\"https:\/\/sozialwerk-brandenburg.de\/index.php\/kooperationen\/\"><br>Kooperationen<\/a><\/h3><p class=\"elementor-image-box-description\">Unser Sozialwerk kooperiert mit weiteren Sozialwerken in Deutschland und unsere Mitglieder k\u00f6nnen bei unseren Partnerwerken Ihren In- oder ausl\u00e4ndischen Urlaub planen. <\/p><\/div><\/div>\t\t\t\t<\/div>\n\t\t\t\t<\/div>\n\t\t\t\t\t<\/div>\n\t\t<\/div>\n\t\t\t\t\t<\/div>\n\t\t<\/section>\n\t\t\t\t<section class=\"elementor-section elementor-top-section elementor-element elementor-element-hozvi9w elementor-section-boxed elementor-section-height-default elementor-section-height-default\" data-id=\"hozvi9w\" data-element_type=\"section\">\n\t\t\t\t\t\t<div class=\"elementor-container elementor-column-gap-default\">\n\t\t\t\t\t<div class=\"elementor-column elementor-col-100 elementor-top-column elementor-element elementor-element-i67oz4e\" data-id=\"i67oz4e\" data-element_type=\"column\">\n\t\t\t<div class=\"elementor-widget-wrap elementor-element-populated\">\n\t\t\t\t\t\t<div class=\"elementor-element elementor-element-mnxs5p9 elementor-widget elementor-widget-google_maps\" data-id=\"mnxs5p9\" data-element_type=\"widget\" data-widget_type=\"google_maps.default\">\n\t\t\t\t<div class=\"elementor-widget-container\">\n\t\t\t\t\t\t\t<div class=\"elementor-custom-embed\">\n\t\t\t<iframe loading=\"lazy\"\n\t\t\t\t\tsrc=\"https:\/\/maps.google.com\/maps?q=Dorfstr.%206b%20Sozialwerk%20Zempin%2C%20%20Prora%20S%C3%BCdstrand%2096&#038;t=m&#038;z=9&#038;output=embed&#038;iwloc=near\"\n\t\t\t\t\ttitle=\"Dorfstr. 6b Sozialwerk Zempin,  Prora S\u00fcdstrand 96\"\n\t\t\t\t\taria-label=\"Dorfstr. 6b Sozialwerk Zempin,  Prora S\u00fcdstrand 96\"\n\t\t\t><\/iframe>\n\t\t<\/div>\n\t\t\t\t\t\t<\/div>\n\t\t\t\t<\/div>\n\t\t\t\t\t<\/div>\n\t\t<\/div>\n\t\t\t\t\t<\/div>\n\t\t<\/section>\n\t\t\t\t<section class=\"elementor-section elementor-top-section elementor-element elementor-element-8r50byt elementor-section-boxed elementor-section-height-default elementor-section-height-default\" data-id=\"8r50byt\" data-element_type=\"section\" data-settings=\"{&quot;background_background&quot;:&quot;classic&quot;}\">\n\t\t\t\t\t\t<div class=\"elementor-container elementor-column-gap-default\">\n\t\t\t\t\t<div class=\"elementor-column elementor-col-100 elementor-top-column elementor-element elementor-element-qyvmax0\" data-id=\"qyvmax0\" data-element_type=\"column\" data-settings=\"{&quot;background_background&quot;:&quot;classic&quot;}\">\n\t\t\t<div class=\"elementor-widget-wrap elementor-element-populated\">\n\t\t\t\t\t\t<div class=\"elementor-element elementor-element-zb3rx0a elementor-widget elementor-widget-heading\" data-id=\"zb3rx0a\" data-element_type=\"widget\" data-widget_type=\"heading.default\">\n\t\t\t\t<div class=\"elementor-widget-container\">\n\t\t\t\t\t<h2 class=\"elementor-heading-title elementor-size-default\">Verein<\/h2>\t\t\t\t<\/div>\n\t\t\t\t<\/div>\n\t\t\t\t<div class=\"elementor-element elementor-element-1h3lnh6 elementor-widget elementor-widget-text-editor\" data-id=\"1h3lnh6\" data-element_type=\"widget\" data-widget_type=\"text-editor.default\">\n\t\t\t\t<div class=\"elementor-widget-container\">\n\t\t\t\t\t\t\t\t\t<div data-id=\"6556fbd\" data-element_type=\"container\"><div><div data-id=\"e142b52\" data-element_type=\"widget\" data-widget_type=\"text-editor.default\"><div><p>Das Sozialwerk der brandenburgischen Landesbediensteten e.V. ist ein gemeinn\u00fctziger Verein. Er erh\u00e4lt Steuerverg\u00fcnstigungen um sozial schw\u00e4cher gestellte teilnehmende Personen zu unterst\u00fctzen. <br \/>D<span style=\"font-family: 'Open Sans', sans-serif; font-size: 14px; font-style: normal; font-variant-ligatures: normal; font-variant-caps: normal; font-weight: 400;\">ie Gemeinn\u00fctzigkeit muss dem Finanzamt in regelm\u00e4\u00dfigen Abst\u00e4nden nachgewiesen werden.\u00a0<\/span><\/p><p>Das Sozialwerk f\u00fchrt Ma\u00dfnahmen zur F\u00f6rderung des Wohlfahrtswesens und der Kinder- und Jugendf\u00fcrsorge durch und ist zum Wohle der aktiven und ehemaligen Richter, Beamten, Angestellten und Arbeiter von Beh\u00f6rden und Einrichtungen des Landes Brandenburg und ihrer wirtschaftlich nicht selbst\u00e4ndigen Familienangeh\u00f6rigen t\u00e4tig.<\/p><p>Die Ma\u00dfnahmen werden vornehmlich in eigenen Einrichtungen durchgef\u00fchrt. Des Weiteren bestehen Kooperationsbeziehungen zu anderen Sozialwerken, unter anderen zum Bundeswehr-Sozialwerk e.V. und zum Sozialwerk der Inneren Verwaltung des Bundes e.V.<\/p><\/div><\/div><\/div><\/div>\t\t\t\t\t\t\t\t<\/div>\n\t\t\t\t<\/div>\n\t\t\t\t\t<\/div>\n\t\t<\/div>\n\t\t\t\t\t<\/div>\n\t\t<\/section>\n\t\t\t\t<\/div>\n\t\t","protected":false},"excerpt":{"rendered":"<p>Willkommen in unserem Sozialwerk Unser Sozialwerk wurde vor mehr als 30 Jahren gegr\u00fcndet und bietet seinen Mitgliedern und deren Familien umfangreiche M\u00f6glichkeiten, Erholung und Freizeit preiswert und erlebnisreich zu gestalten.Mitglied k\u00f6nnen alle Bediensteten des Landes Brandenburg und deren Familienangeh\u00f6rige werden. Sie k\u00f6nnen Ihren Urlaub jedoch nicht nur in unseren Erholungsobjekten am Ostseestrand in Prora oder [&hellip;]<\/p>\n","protected":false},"author":1,"featured_media":0,"parent":0,"menu_order":0,"comment_status":"closed","ping_status":"closed","template":"elementor_header_footer","meta":{"ocean_post_layout":"full-screen","ocean_both_sidebars_style":"","ocean_both_sidebars_content_width":0,"ocean_both_sidebars_sidebars_width":0,"ocean_sidebar":"","ocean_second_sidebar":"","ocean_disable_margins":"on","ocean_add_body_class":"","ocean_shortcode_before_top_bar":"","ocean_shortcode_after_top_bar":"","ocean_shortcode_before_header":"","ocean_shortcode_after_header":"","ocean_has_shortcode":"","ocean_shortcode_after_title":"","ocean_shortcode_before_footer_widgets":"","ocean_shortcode_after_footer_widgets":"","ocean_shortcode_before_footer_bottom":"","ocean_shortcode_after_footer_bottom":"","ocean_display_top_bar":"default","ocean_display_header":"default","ocean_header_style":"","ocean_center_header_left_menu":"","ocean_custom_header_template":"","ocean_custom_logo":0,"ocean_custom_retina_logo":0,"ocean_custom_logo_max_width":0,"ocean_custom_logo_tablet_max_width":0,"ocean_custom_logo_mobile_max_width":0,"ocean_custom_logo_max_height":0,"ocean_custom_logo_tablet_max_height":0,"ocean_custom_logo_mobile_max_height":0,"ocean_header_custom_menu":"","ocean_menu_typo_font_family":"","ocean_menu_typo_font_subset":"","ocean_menu_typo_font_size":0,"ocean_menu_typo_font_size_tablet":0,"ocean_menu_typo_font_size_mobile":0,"ocean_menu_typo_font_size_unit":"px","ocean_menu_typo_font_weight":"","ocean_menu_typo_font_weight_tablet":"","ocean_menu_typo_font_weight_mobile":"","ocean_menu_typo_transform":"","ocean_menu_typo_transform_tablet":"","ocean_menu_typo_transform_mobile":"","ocean_menu_typo_line_height":0,"ocean_menu_typo_line_height_tablet":0,"ocean_menu_typo_line_height_mobile":0,"ocean_menu_typo_line_height_unit":"","ocean_menu_typo_spacing":0,"ocean_menu_typo_spacing_tablet":0,"ocean_menu_typo_spacing_mobile":0,"ocean_menu_typo_spacing_unit":"","ocean_menu_link_color":"","ocean_menu_link_color_hover":"","ocean_menu_link_color_active":"","ocean_menu_link_background":"","ocean_menu_link_hover_background":"","ocean_menu_link_active_background":"","ocean_menu_social_links_bg":"","ocean_menu_social_hover_links_bg":"","ocean_menu_social_links_color":"","ocean_menu_social_hover_links_color":"","ocean_disable_title":"on","ocean_disable_heading":"default","ocean_post_title":"","ocean_post_subheading":"","ocean_post_title_style":"","ocean_post_title_background_color":"","ocean_post_title_background":0,"ocean_post_title_bg_image_position":"","ocean_post_title_bg_image_attachment":"","ocean_post_title_bg_image_repeat":"","ocean_post_title_bg_image_size":"","ocean_post_title_height":0,"ocean_post_title_bg_overlay":0.5,"ocean_post_title_bg_overlay_color":"","ocean_disable_breadcrumbs":"default","ocean_breadcrumbs_color":"","ocean_breadcrumbs_separator_color":"","ocean_breadcrumbs_links_color":"","ocean_breadcrumbs_links_hover_color":"","ocean_display_footer_widgets":"default","ocean_display_footer_bottom":"default","ocean_custom_footer_template":"","omw_enable_modal_window":"enable","footnotes":""},"class_list":["post-161","page","type-page","status-publish","hentry","entry"],"_links":{"self":[{"href":"https:\/\/sozialwerk-brandenburg.de\/index.php\/wp-json\/wp\/v2\/pages\/161","targetHints":{"allow":["GET"]}}],"collection":[{"href":"https:\/\/sozialwerk-brandenburg.de\/index.php\/wp-json\/wp\/v2\/pages"}],"about":[{"href":"https:\/\/sozialwerk-brandenburg.de\/index.php\/wp-json\/wp\/v2\/types\/page"}],"author":[{"embeddable":true,"href":"https:\/\/sozialwerk-brandenburg.de\/index.php\/wp-json\/wp\/v2\/users\/1"}],"replies":[{"embeddable":true,"href":"https:\/\/sozialwerk-brandenburg.de\/index.php\/wp-json\/wp\/v2\/comments?post=161"}],"version-history":[{"count":126,"href":"https:\/\/sozialwerk-brandenburg.de\/index.php\/wp-json\/wp\/v2\/pages\/161\/revisions"}],"predecessor-version":[{"id":3191,"href":"https:\/\/sozialwerk-brandenburg.de\/index.php\/wp-json\/wp\/v2\/pages\/161\/revisions\/3191"}],"wp:attachment":[{"href":"https:\/\/sozialwerk-brandenburg.de\/index.php\/wp-json\/wp\/v2\/media?parent=161"}],"curies":[{"name":"wp","href":"https:\/\/api.w.org\/{rel}","templated":true}]}}