{"id":2208,"date":"2025-06-29T18:24:08","date_gmt":"2025-06-29T16:24:08","guid":{"rendered":"https:\/\/sozialwerk-brandenburg.de\/?page_id=2208"},"modified":"2025-07-07T12:55:57","modified_gmt":"2025-07-07T10:55:57","slug":"elementor-seite-2208","status":"publish","type":"page","link":"https:\/\/sozialwerk-brandenburg.de\/index.php\/elementor-seite-2208\/","title":{"rendered":"Zempin"},"content":{"rendered":"\t\t<div data-elementor-type=\"wp-page\" data-elementor-id=\"2208\" class=\"elementor elementor-2208\">\n\t\t\t\t<div class=\"elementor-element elementor-element-36e1d35 e-flex e-con-boxed e-con e-parent\" data-id=\"36e1d35\" data-element_type=\"container\" data-settings=\"{&quot;background_background&quot;:&quot;classic&quot;}\">\n\t\t\t\t\t<div class=\"e-con-inner\">\n\t\t\t\t<div class=\"elementor-element elementor-element-5b97812 elementor-arrows-position-outside elementor-widget__width-auto elementor-widget elementor-widget-image-carousel\" data-id=\"5b97812\" data-element_type=\"widget\" data-settings=\"{&quot;slides_to_show&quot;:&quot;3&quot;,&quot;navigation&quot;:&quot;arrows&quot;,&quot;autoplay&quot;:&quot;yes&quot;,&quot;pause_on_hover&quot;:&quot;yes&quot;,&quot;pause_on_interaction&quot;:&quot;yes&quot;,&quot;autoplay_speed&quot;:5000,&quot;infinite&quot;:&quot;yes&quot;,&quot;speed&quot;:500}\" data-widget_type=\"image-carousel.default\">\n\t\t\t\t<div class=\"elementor-widget-container\">\n\t\t\t\t\t\t\t<div class=\"elementor-image-carousel-wrapper swiper\" role=\"region\" aria-roledescription=\"carousel\" aria-label=\"Bild Karussell\" dir=\"ltr\">\n\t\t\t<div class=\"elementor-image-carousel swiper-wrapper\" aria-live=\"off\">\n\t\t\t\t\t\t\t\t<div class=\"swiper-slide\" role=\"group\" aria-roledescription=\"slide\" aria-label=\"1 von 13\"><a data-elementor-open-lightbox=\"yes\" data-elementor-lightbox-slideshow=\"5b97812\" data-elementor-lightbox-title=\"Z_Inselhof1.jpg..808784\" data-e-action-hash=\"#elementor-action%3Aaction%3Dlightbox%26settings%3DeyJpZCI6MzkzLCJ1cmwiOiJodHRwczpcL1wvc296aWFsd2Vyay1icmFuZGVuYnVyZy5kZVwvd3AtY29udGVudFwvdXBsb2Fkc1wvMjAyMlwvMDRcL1pfSW5zZWxob2YxLTEuanBnLjgwODc4NC0xLmpwZyIsInNsaWRlc2hvdyI6IjViOTc4MTIifQ%3D%3D\" href=\"https:\/\/sozialwerk-brandenburg.de\/wp-content\/uploads\/2022\/04\/Z_Inselhof1-1.jpg.808784-1.jpg\"><figure class=\"swiper-slide-inner\"><img decoding=\"async\" class=\"swiper-slide-image\" src=\"https:\/\/sozialwerk-brandenburg.de\/wp-content\/uploads\/2022\/04\/Z_Inselhof1-1.jpg.808784-1-300x200.jpg\" alt=\"Z_Inselhof1.jpg..808784\" \/><\/figure><\/a><\/div><div class=\"swiper-slide\" role=\"group\" aria-roledescription=\"slide\" aria-label=\"2 von 13\"><a data-elementor-open-lightbox=\"yes\" data-elementor-lightbox-slideshow=\"5b97812\" data-elementor-lightbox-title=\"OLYMPUS DIGITAL CAMERA\" data-e-action-hash=\"#elementor-action%3Aaction%3Dlightbox%26settings%3DeyJpZCI6Mzc3LCJ1cmwiOiJodHRwczpcL1wvc296aWFsd2Vyay1icmFuZGVuYnVyZy5kZVwvd3AtY29udGVudFwvdXBsb2Fkc1wvMjAyMlwvMDRcL1AyMDgwMTY4LkpQRy4xMzEwMjA4WmVtcGluSGF1czJXaW50ZXItMS5qcGciLCJzbGlkZXNob3ciOiI1Yjk3ODEyIn0%3D\" href=\"https:\/\/sozialwerk-brandenburg.de\/wp-content\/uploads\/2022\/04\/P2080168.JPG.1310208ZempinHaus2Winter-1.jpg\"><figure class=\"swiper-slide-inner\"><img decoding=\"async\" class=\"swiper-slide-image\" src=\"https:\/\/sozialwerk-brandenburg.de\/wp-content\/uploads\/2022\/04\/P2080168.JPG.1310208ZempinHaus2Winter-1-300x200.jpg\" alt=\"OLYMPUS DIGITAL CAMERA\" \/><\/figure><\/a><\/div><div class=\"swiper-slide\" role=\"group\" aria-roledescription=\"slide\" aria-label=\"3 von 13\"><a data-elementor-open-lightbox=\"yes\" data-elementor-lightbox-slideshow=\"5b97812\" data-elementor-lightbox-title=\"Z_Inselhof2.jpg..808799\" data-e-action-hash=\"#elementor-action%3Aaction%3Dlightbox%26settings%3DeyJpZCI6Mzk0LCJ1cmwiOiJodHRwczpcL1wvc296aWFsd2Vyay1icmFuZGVuYnVyZy5kZVwvd3AtY29udGVudFwvdXBsb2Fkc1wvMjAyMlwvMDRcL1pfSW5zZWxob2YyLTEuanBnLjgwODc5OS0xLmpwZyIsInNsaWRlc2hvdyI6IjViOTc4MTIifQ%3D%3D\" href=\"https:\/\/sozialwerk-brandenburg.de\/wp-content\/uploads\/2022\/04\/Z_Inselhof2-1.jpg.808799-1.jpg\"><figure class=\"swiper-slide-inner\"><img decoding=\"async\" class=\"swiper-slide-image\" src=\"https:\/\/sozialwerk-brandenburg.de\/wp-content\/uploads\/2022\/04\/Z_Inselhof2-1.jpg.808799-1-300x200.jpg\" alt=\"Zempin\" \/><\/figure><\/a><\/div><div class=\"swiper-slide\" role=\"group\" aria-roledescription=\"slide\" aria-label=\"4 von 13\"><a data-elementor-open-lightbox=\"yes\" data-elementor-lightbox-slideshow=\"5b97812\" data-elementor-lightbox-title=\"Z_Inselhof3.jpg..808810\" data-e-action-hash=\"#elementor-action%3Aaction%3Dlightbox%26settings%3DeyJpZCI6Mzk1LCJ1cmwiOiJodHRwczpcL1wvc296aWFsd2Vyay1icmFuZGVuYnVyZy5kZVwvd3AtY29udGVudFwvdXBsb2Fkc1wvMjAyMlwvMDRcL1pfSW5zZWxob2YzLTEuanBnLjgwODgxMC0xLmpwZyIsInNsaWRlc2hvdyI6IjViOTc4MTIifQ%3D%3D\" href=\"https:\/\/sozialwerk-brandenburg.de\/wp-content\/uploads\/2022\/04\/Z_Inselhof3-1.jpg.808810-1.jpg\"><figure class=\"swiper-slide-inner\"><img decoding=\"async\" class=\"swiper-slide-image\" src=\"https:\/\/sozialwerk-brandenburg.de\/wp-content\/uploads\/2022\/04\/Z_Inselhof3-1.jpg.808810-1-300x200.jpg\" alt=\"Zempin\" \/><\/figure><\/a><\/div><div class=\"swiper-slide\" role=\"group\" aria-roledescription=\"slide\" aria-label=\"5 von 13\"><a data-elementor-open-lightbox=\"yes\" data-elementor-lightbox-slideshow=\"5b97812\" data-elementor-lightbox-title=\"OLYMPUS DIGITAL CAMERA\" data-e-action-hash=\"#elementor-action%3Aaction%3Dlightbox%26settings%3DeyJpZCI6Mzc4LCJ1cmwiOiJodHRwczpcL1wvc296aWFsd2Vyay1icmFuZGVuYnVyZy5kZVwvd3AtY29udGVudFwvdXBsb2Fkc1wvMjAyMlwvMDRcL1AyMDgwMTgzLkpQRy4xMzEwMjE5WmVtcGluV2ludGVyUGFya3BsYXR6LTEuanBnIiwic2xpZGVzaG93IjoiNWI5NzgxMiJ9\" href=\"https:\/\/sozialwerk-brandenburg.de\/wp-content\/uploads\/2022\/04\/P2080183.JPG.1310219ZempinWinterParkplatz-1.jpg\"><figure class=\"swiper-slide-inner\"><img decoding=\"async\" class=\"swiper-slide-image\" src=\"https:\/\/sozialwerk-brandenburg.de\/wp-content\/uploads\/2022\/04\/P2080183.JPG.1310219ZempinWinterParkplatz-1-300x200.jpg\" alt=\"Zempin\" \/><\/figure><\/a><\/div><div class=\"swiper-slide\" role=\"group\" aria-roledescription=\"slide\" aria-label=\"6 von 13\"><a data-elementor-open-lightbox=\"yes\" data-elementor-lightbox-slideshow=\"5b97812\" data-elementor-lightbox-title=\"Z_Grillplatz.jpg..808773\" data-e-action-hash=\"#elementor-action%3Aaction%3Dlightbox%26settings%3DeyJpZCI6MzkyLCJ1cmwiOiJodHRwczpcL1wvc296aWFsd2Vyay1icmFuZGVuYnVyZy5kZVwvd3AtY29udGVudFwvdXBsb2Fkc1wvMjAyMlwvMDRcL1pfR3JpbGxwbGF0ei0xLmpwZy44MDg3NzMtMS5qcGciLCJzbGlkZXNob3ciOiI1Yjk3ODEyIn0%3D\" href=\"https:\/\/sozialwerk-brandenburg.de\/wp-content\/uploads\/2022\/04\/Z_Grillplatz-1.jpg.808773-1.jpg\"><figure class=\"swiper-slide-inner\"><img decoding=\"async\" class=\"swiper-slide-image\" src=\"https:\/\/sozialwerk-brandenburg.de\/wp-content\/uploads\/2022\/04\/Z_Grillplatz-1.jpg.808773-1-300x200.jpg\" alt=\"Zempin Grillplatz\" \/><\/figure><\/a><\/div><div class=\"swiper-slide\" role=\"group\" aria-roledescription=\"slide\" aria-label=\"7 von 13\"><a data-elementor-open-lightbox=\"yes\" data-elementor-lightbox-slideshow=\"5b97812\" data-elementor-lightbox-title=\"Z_FeWo2.jpg..808762\" data-e-action-hash=\"#elementor-action%3Aaction%3Dlightbox%26settings%3DeyJpZCI6MzkxLCJ1cmwiOiJodHRwczpcL1wvc296aWFsd2Vyay1icmFuZGVuYnVyZy5kZVwvd3AtY29udGVudFwvdXBsb2Fkc1wvMjAyMlwvMDRcL1pfRmVXbzItMS5qcGcuODA4NzYyLTEuanBnIiwic2xpZGVzaG93IjoiNWI5NzgxMiJ9\" href=\"https:\/\/sozialwerk-brandenburg.de\/wp-content\/uploads\/2022\/04\/Z_FeWo2-1.jpg.808762-1.jpg\"><figure class=\"swiper-slide-inner\"><img decoding=\"async\" class=\"swiper-slide-image\" src=\"https:\/\/sozialwerk-brandenburg.de\/wp-content\/uploads\/2022\/04\/Z_FeWo2-1.jpg.808762-1-300x200.jpg\" alt=\"Z_FeWo2.jpg..808762\" \/><\/figure><\/a><\/div><div class=\"swiper-slide\" role=\"group\" aria-roledescription=\"slide\" aria-label=\"8 von 13\"><a data-elementor-open-lightbox=\"yes\" data-elementor-lightbox-slideshow=\"5b97812\" data-elementor-lightbox-title=\"BB_Zimmer.JPG..809530\" data-e-action-hash=\"#elementor-action%3Aaction%3Dlightbox%26settings%3DeyJpZCI6MzcxLCJ1cmwiOiJodHRwczpcL1wvc296aWFsd2Vyay1icmFuZGVuYnVyZy5kZVwvd3AtY29udGVudFwvdXBsb2Fkc1wvMjAyMlwvMDRcL0JCX1ppbW1lci5KUEcuODA5NTMwLTEuanBnIiwic2xpZGVzaG93IjoiNWI5NzgxMiJ9\" href=\"https:\/\/sozialwerk-brandenburg.de\/wp-content\/uploads\/2022\/04\/BB_Zimmer.JPG.809530-1.jpg\"><figure class=\"swiper-slide-inner\"><img decoding=\"async\" class=\"swiper-slide-image\" src=\"https:\/\/sozialwerk-brandenburg.de\/wp-content\/uploads\/2022\/04\/BB_Zimmer.JPG.809530-1-300x200.jpg\" alt=\"BB_Zimmer.JPG..809530\" \/><\/figure><\/a><\/div><div class=\"swiper-slide\" role=\"group\" aria-roledescription=\"slide\" aria-label=\"9 von 13\"><a data-elementor-open-lightbox=\"yes\" data-elementor-lightbox-slideshow=\"5b97812\" data-elementor-lightbox-title=\"Z_FeWo1.jpg..808751\" data-e-action-hash=\"#elementor-action%3Aaction%3Dlightbox%26settings%3DeyJpZCI6MzkwLCJ1cmwiOiJodHRwczpcL1wvc296aWFsd2Vyay1icmFuZGVuYnVyZy5kZVwvd3AtY29udGVudFwvdXBsb2Fkc1wvMjAyMlwvMDRcL1pfRmVXbzEtMS5qcGcuODA4NzUxLTEuanBnIiwic2xpZGVzaG93IjoiNWI5NzgxMiJ9\" href=\"https:\/\/sozialwerk-brandenburg.de\/wp-content\/uploads\/2022\/04\/Z_FeWo1-1.jpg.808751-1.jpg\"><figure class=\"swiper-slide-inner\"><img decoding=\"async\" class=\"swiper-slide-image\" src=\"https:\/\/sozialwerk-brandenburg.de\/wp-content\/uploads\/2022\/04\/Z_FeWo1-1.jpg.808751-1-300x225.jpg\" alt=\"Z_FeWo1.jpg..808751\" \/><\/figure><\/a><\/div><div class=\"swiper-slide\" role=\"group\" aria-roledescription=\"slide\" aria-label=\"10 von 13\"><a data-elementor-open-lightbox=\"yes\" data-elementor-lightbox-slideshow=\"5b97812\" data-elementor-lightbox-title=\"BB_Z_Schaukel.jpg..809428\" data-e-action-hash=\"#elementor-action%3Aaction%3Dlightbox%26settings%3DeyJpZCI6MzY5LCJ1cmwiOiJodHRwczpcL1wvc296aWFsd2Vyay1icmFuZGVuYnVyZy5kZVwvd3AtY29udGVudFwvdXBsb2Fkc1wvMjAyMlwvMDRcL0JCX1pfU2NoYXVrZWwtMS5qcGcuODA5NDI4LTEuanBnIiwic2xpZGVzaG93IjoiNWI5NzgxMiJ9\" href=\"https:\/\/sozialwerk-brandenburg.de\/wp-content\/uploads\/2022\/04\/BB_Z_Schaukel-1.jpg.809428-1.jpg\"><figure class=\"swiper-slide-inner\"><img decoding=\"async\" class=\"swiper-slide-image\" src=\"https:\/\/sozialwerk-brandenburg.de\/wp-content\/uploads\/2022\/04\/BB_Z_Schaukel-1.jpg.809428-1-300x200.jpg\" alt=\"Zempin Spielplatz\" \/><\/figure><\/a><\/div><div class=\"swiper-slide\" role=\"group\" aria-roledescription=\"slide\" aria-label=\"11 von 13\"><a data-elementor-open-lightbox=\"yes\" data-elementor-lightbox-slideshow=\"5b97812\" data-elementor-lightbox-title=\"BB_Z_Rutsche.jpg..809417\" data-e-action-hash=\"#elementor-action%3Aaction%3Dlightbox%26settings%3DeyJpZCI6MzY4LCJ1cmwiOiJodHRwczpcL1wvc296aWFsd2Vyay1icmFuZGVuYnVyZy5kZVwvd3AtY29udGVudFwvdXBsb2Fkc1wvMjAyMlwvMDRcL0JCX1pfUnV0c2NoZS0xLmpwZy44MDk0MTctMS5qcGciLCJzbGlkZXNob3ciOiI1Yjk3ODEyIn0%3D\" href=\"https:\/\/sozialwerk-brandenburg.de\/wp-content\/uploads\/2022\/04\/BB_Z_Rutsche-1.jpg.809417-1.jpg\"><figure class=\"swiper-slide-inner\"><img decoding=\"async\" class=\"swiper-slide-image\" src=\"https:\/\/sozialwerk-brandenburg.de\/wp-content\/uploads\/2022\/04\/BB_Z_Rutsche-1.jpg.809417-1-300x200.jpg\" alt=\"BB_Z_Rutsche.jpg..809417\" \/><\/figure><\/a><\/div><div class=\"swiper-slide\" role=\"group\" aria-roledescription=\"slide\" aria-label=\"12 von 13\"><a data-elementor-open-lightbox=\"yes\" data-elementor-lightbox-slideshow=\"5b97812\" data-elementor-lightbox-title=\"BB_Z_Parkplatz.jpg..809406\" data-e-action-hash=\"#elementor-action%3Aaction%3Dlightbox%26settings%3DeyJpZCI6MzY3LCJ1cmwiOiJodHRwczpcL1wvc296aWFsd2Vyay1icmFuZGVuYnVyZy5kZVwvd3AtY29udGVudFwvdXBsb2Fkc1wvMjAyMlwvMDRcL0JCX1pfUGFya3BsYXR6LTEuanBnLjgwOTQwNi0xLmpwZyIsInNsaWRlc2hvdyI6IjViOTc4MTIifQ%3D%3D\" href=\"https:\/\/sozialwerk-brandenburg.de\/wp-content\/uploads\/2022\/04\/BB_Z_Parkplatz-1.jpg.809406-1.jpg\"><figure class=\"swiper-slide-inner\"><img decoding=\"async\" class=\"swiper-slide-image\" src=\"https:\/\/sozialwerk-brandenburg.de\/wp-content\/uploads\/2022\/04\/BB_Z_Parkplatz-1.jpg.809406-1-300x200.jpg\" alt=\"BB_Z_Parkplatz.jpg..809406\" \/><\/figure><\/a><\/div><div class=\"swiper-slide\" role=\"group\" aria-roledescription=\"slide\" aria-label=\"13 von 13\"><a data-elementor-open-lightbox=\"yes\" data-elementor-lightbox-slideshow=\"5b97812\" data-elementor-lightbox-title=\"BB_Z_Fahrradstaender.jpg..809307\" data-e-action-hash=\"#elementor-action%3Aaction%3Dlightbox%26settings%3DeyJpZCI6MzU5LCJ1cmwiOiJodHRwczpcL1wvc296aWFsd2Vyay1icmFuZGVuYnVyZy5kZVwvd3AtY29udGVudFwvdXBsb2Fkc1wvMjAyMlwvMDRcL0JCX1pfRmFocnJhZHN0YWVuZGVyLTEuanBnLjgwOTMwNy0xLmpwZyIsInNsaWRlc2hvdyI6IjViOTc4MTIifQ%3D%3D\" href=\"https:\/\/sozialwerk-brandenburg.de\/wp-content\/uploads\/2022\/04\/BB_Z_Fahrradstaender-1.jpg.809307-1.jpg\"><figure class=\"swiper-slide-inner\"><img decoding=\"async\" class=\"swiper-slide-image\" src=\"https:\/\/sozialwerk-brandenburg.de\/wp-content\/uploads\/2022\/04\/BB_Z_Fahrradstaender-1.jpg.809307-1-300x200.jpg\" alt=\"Zempin Fahrradst\u00e4nder\" \/><\/figure><\/a><\/div>\t\t\t<\/div>\n\t\t\t\t\t\t\t\t\t\t\t\t<div class=\"elementor-swiper-button elementor-swiper-button-prev\" role=\"button\" tabindex=\"0\">\n\t\t\t\t\t\t<svg aria-hidden=\"true\" class=\"e-font-icon-svg e-eicon-chevron-left\" viewBox=\"0 0 1000 1000\" xmlns=\"http:\/\/www.w3.org\/2000\/svg\"><path d=\"M646 125C629 125 613 133 604 142L308 442C296 454 292 471 292 487 292 504 296 521 308 533L604 854C617 867 629 875 646 875 663 875 679 871 692 858 704 846 713 829 713 812 713 796 708 779 692 767L438 487 692 225C700 217 708 204 708 187 708 171 704 154 692 142 675 129 663 125 646 125Z\"><\/path><\/svg>\t\t\t\t\t<\/div>\n\t\t\t\t\t<div class=\"elementor-swiper-button elementor-swiper-button-next\" role=\"button\" tabindex=\"0\">\n\t\t\t\t\t\t<svg aria-hidden=\"true\" class=\"e-font-icon-svg e-eicon-chevron-right\" viewBox=\"0 0 1000 1000\" xmlns=\"http:\/\/www.w3.org\/2000\/svg\"><path d=\"M696 533C708 521 713 504 713 487 713 471 708 454 696 446L400 146C388 133 375 125 354 125 338 125 325 129 313 142 300 154 292 171 292 187 292 204 296 221 308 233L563 492 304 771C292 783 288 800 288 817 288 833 296 850 308 863 321 871 338 875 354 875 371 875 388 867 400 854L696 533Z\"><\/path><\/svg>\t\t\t\t\t<\/div>\n\t\t\t\t\n\t\t\t\t\t\t\t\t\t<\/div>\n\t\t\t\t\t\t<\/div>\n\t\t\t\t<\/div>\n\t\t\t\t<div class=\"elementor-element elementor-element-0c4798e elementor-widget elementor-widget-text-editor\" data-id=\"0c4798e\" data-element_type=\"widget\" data-widget_type=\"text-editor.default\">\n\t\t\t\t<div class=\"elementor-widget-container\">\n\t\t\t\t\t\t\t\t\t<p>Unsere zwei Ferienh\u00e4user mit 20 Zimmern befinden sich auf dem ca. 7000 m\u00b2 gro\u00dfen Inselhof am Achterwasser. Die modern eingerichteten Unterk\u00fcnfte verf\u00fcgen \u00fcber Dusche\/WC und TV. Im Wohnbereich steht Ihnen ein K\u00fchlschrank mit Gefrierfach, Kaffeemaschine, Wasserkocher, Toaster, Essgeschirr und ein Mini-Safe zur Verf\u00fcgung. Im Erdgeschoss der Ferienh\u00e4user befinden sich jeweils zwei umfangreich ausgestattete K\u00fcchenzeilen. Diese verf\u00fcgen \u00fcber K\u00fchlschrank mit Tiefk\u00fchlfach, Ofenherd sowie Mikrowelle. Kochgeschirr ist vorhanden. Des Weiteren verf\u00fcgen die H\u00e4user \u00fcber eine Waschmaschine. Eine Suite ist speziell f\u00fcr Rollstuhlfahrer ausgestattet.<br \/>Die Ferienwohnung f\u00fcr 2 Personen befindet sich im 1 OG der Hausverwaltung.\u00a0<\/p><p>Ort:<br \/>Das Seebad Zempin befindet sich auf der sch\u00f6nen Sonneninsel Usedom zwischen Zinnowitz und Koserow. Umgeben von Ostsee und Achterwasser ist dieser romantische Fischerort mit seinen \u00fcber 40 reetgedeckten H\u00e4usern zu allen Jahreszeiten ein wundervolles Erholungsziel f\u00fcr jung und alt.<\/p><p>Lage:<br \/>Unsere Unterk\u00fcnfte befinden sich in unmittelbarer N\u00e4he zum Achterwasser und grenzen an den Inselhof Vineta. Dort k\u00f6nnen Sie kulinarische K\u00f6stlichkeiten genie\u00dfen und entspannende Wellness-Angebote nutzen. Zu Fu\u00df erreichen Sie die Ostsee in ca. 15 Minuten. Den Bahnhof der B\u00e4derbahn sowie Einkaufsm\u00f6glichkeiten und die Tourismus-Information sind ca. 10 Gehminuten entfernt.<\/p><p>Sonstiges:<br \/>Im Seebad Zempin wird ganzj\u00e4hrig Kurtaxe erhoben. Diese ist bei Anreise direkt im Objekt zu entrichten.<\/p><p>Objektbeschreibung:<br \/>Der Inselhof verf\u00fcgt \u00fcber einen gro\u00dfen abgeschlossenen Parkplatz.<br \/>Zwischen den Geb\u00e4uden befindet sich ein gut gesch\u00fctzter, \u00fcberdachter Fahrradst\u00e4nder.<br \/>F\u00fcr Freunde der Grillkunst steht ein \u00fcberdachter Bereich zur Verf\u00fcgung.<br \/>Unsere kleinen Urlauber k\u00f6nnen sich auf dem eigens angelegten Spielplatz sportlich bet\u00e4tigen.<br \/>Im Gartenbereich stehen Ihnen Tische und Gartenst\u00fchle zur Verf\u00fcgung. So k\u00f6nnen Sie Ihr Fr\u00fchst\u00fcck erholsam und gem\u00fctlich im Freien genie\u00dfen.<\/p><p>Ausstattung der Appartments:<br \/>W-LAN in allen Wohneinheiten<br \/>Dusche\/WC<br \/>TV\u00a0<br \/>K\u00fchlschrank mit Gefrierfach<br \/>Kaffeemaschine<br \/>Wasserkocher<br \/>Toaster<br \/>Essgeschirr<br \/>Mini-Safe<br \/>Bettw\u00e4sche<\/p><p>Pro Haus gibt es eine Gemeinschaftsk\u00fcche mit 2\u00a0K\u00fcchenzeilen<br \/>K\u00fchlschrank mit Tiefk\u00fchlfach<br \/>Ofenherd<br \/>Mikrowelle<br \/>Kochgeschirr<\/p><p><b>Wichtig<\/b>\u00a0<br \/>Hand- und Geschirrt\u00fccher sind mitzubringen!<\/p><p><b>Anreise<\/b>: Montag bis Samstag (au\u00dfer an Feiertagen) von 14.00 bis 16.00 Uhr<br \/><b style=\"font-size: 14px;\">Abreise<\/b><span style=\"font-size: 14px;\">: Montag bis Samstag (au\u00dfer an Feiertagen) bis 10.00 Uhr<\/span><\/p>\t\t\t\t\t\t\t\t<\/div>\n\t\t\t\t<\/div>\n\t\t\t\t\t<\/div>\n\t\t\t\t<\/div>\n\t\t<div class=\"elementor-element elementor-element-1472f42 e-flex e-con-boxed e-con e-parent\" data-id=\"1472f42\" data-element_type=\"container\">\n\t\t\t\t\t<div class=\"e-con-inner\">\n\t\t\t\t<div class=\"elementor-element elementor-element-30ddacc elementor-widget__width-auto elementor-widget elementor-widget-image\" data-id=\"30ddacc\" data-element_type=\"widget\" data-widget_type=\"image.default\">\n\t\t\t\t<div class=\"elementor-widget-container\">\n\t\t\t\t\t\t\t\t\t\t\t\t\t\t\t<img fetchpriority=\"high\" decoding=\"async\" width=\"771\" height=\"529\" src=\"https:\/\/sozialwerk-brandenburg.de\/wp-content\/uploads\/2025\/06\/2025_Preise_Zempin.jpg\" class=\"attachment-large size-large wp-image-889\" alt=\"Preise Zempin\" srcset=\"https:\/\/sozialwerk-brandenburg.de\/wp-content\/uploads\/2025\/06\/2025_Preise_Zempin.jpg 771w, https:\/\/sozialwerk-brandenburg.de\/wp-content\/uploads\/2025\/06\/2025_Preise_Zempin-300x206.jpg 300w, https:\/\/sozialwerk-brandenburg.de\/wp-content\/uploads\/2025\/06\/2025_Preise_Zempin-768x527.jpg 768w\" sizes=\"(max-width: 771px) 100vw, 771px\" \/>\t\t\t\t\t\t\t\t\t\t\t\t\t\t\t<\/div>\n\t\t\t\t<\/div>\n\t\t\t\t\t<\/div>\n\t\t\t\t<\/div>\n\t\t\t\t<\/div>\n\t\t","protected":false},"excerpt":{"rendered":"<p>Unsere zwei Ferienh\u00e4user mit 20 Zimmern befinden sich auf dem ca. 7000 m\u00b2 gro\u00dfen Inselhof am Achterwasser. Die modern eingerichteten Unterk\u00fcnfte verf\u00fcgen \u00fcber Dusche\/WC und TV. Im Wohnbereich steht Ihnen ein K\u00fchlschrank mit Gefrierfach, Kaffeemaschine, Wasserkocher, Toaster, Essgeschirr und ein Mini-Safe zur Verf\u00fcgung. Im Erdgeschoss der Ferienh\u00e4user befinden sich jeweils zwei umfangreich ausgestattete K\u00fcchenzeilen. Diese [&hellip;]<\/p>\n","protected":false},"author":1,"featured_media":509,"parent":0,"menu_order":0,"comment_status":"closed","ping_status":"closed","template":"elementor_header_footer","meta":{"ocean_post_layout":"","ocean_both_sidebars_style":"","ocean_both_sidebars_content_width":0,"ocean_both_sidebars_sidebars_width":0,"ocean_sidebar":"","ocean_second_sidebar":"","ocean_disable_margins":"enable","ocean_add_body_class":"","ocean_shortcode_before_top_bar":"","ocean_shortcode_after_top_bar":"","ocean_shortcode_before_header":"","ocean_shortcode_after_header":"","ocean_has_shortcode":"","ocean_shortcode_after_title":"","ocean_shortcode_before_footer_widgets":"","ocean_shortcode_after_footer_widgets":"","ocean_shortcode_before_footer_bottom":"","ocean_shortcode_after_footer_bottom":"","ocean_display_top_bar":"default","ocean_display_header":"default","ocean_header_style":"","ocean_center_header_left_menu":"","ocean_custom_header_template":"","ocean_custom_logo":0,"ocean_custom_retina_logo":0,"ocean_custom_logo_max_width":0,"ocean_custom_logo_tablet_max_width":0,"ocean_custom_logo_mobile_max_width":0,"ocean_custom_logo_max_height":0,"ocean_custom_logo_tablet_max_height":0,"ocean_custom_logo_mobile_max_height":0,"ocean_header_custom_menu":"","ocean_menu_typo_font_family":"","ocean_menu_typo_font_subset":"","ocean_menu_typo_font_size":0,"ocean_menu_typo_font_size_tablet":0,"ocean_menu_typo_font_size_mobile":0,"ocean_menu_typo_font_size_unit":"px","ocean_menu_typo_font_weight":"","ocean_menu_typo_font_weight_tablet":"","ocean_menu_typo_font_weight_mobile":"","ocean_menu_typo_transform":"","ocean_menu_typo_transform_tablet":"","ocean_menu_typo_transform_mobile":"","ocean_menu_typo_line_height":0,"ocean_menu_typo_line_height_tablet":0,"ocean_menu_typo_line_height_mobile":0,"ocean_menu_typo_line_height_unit":"","ocean_menu_typo_spacing":0,"ocean_menu_typo_spacing_tablet":0,"ocean_menu_typo_spacing_mobile":0,"ocean_menu_typo_spacing_unit":"","ocean_menu_link_color":"","ocean_menu_link_color_hover":"","ocean_menu_link_color_active":"","ocean_menu_link_background":"","ocean_menu_link_hover_background":"","ocean_menu_link_active_background":"","ocean_menu_social_links_bg":"","ocean_menu_social_hover_links_bg":"","ocean_menu_social_links_color":"","ocean_menu_social_hover_links_color":"","ocean_disable_title":"default","ocean_disable_heading":"default","ocean_post_title":"","ocean_post_subheading":"","ocean_post_title_style":"","ocean_post_title_background_color":"","ocean_post_title_background":0,"ocean_post_title_bg_image_position":"","ocean_post_title_bg_image_attachment":"","ocean_post_title_bg_image_repeat":"","ocean_post_title_bg_image_size":"","ocean_post_title_height":0,"ocean_post_title_bg_overlay":0.5,"ocean_post_title_bg_overlay_color":"","ocean_disable_breadcrumbs":"default","ocean_breadcrumbs_color":"","ocean_breadcrumbs_separator_color":"","ocean_breadcrumbs_links_color":"","ocean_breadcrumbs_links_hover_color":"","ocean_display_footer_widgets":"default","ocean_display_footer_bottom":"default","ocean_custom_footer_template":"","omw_enable_modal_window":"enable","footnotes":""},"class_list":["post-2208","page","type-page","status-publish","has-post-thumbnail","hentry","entry","has-media"],"_links":{"self":[{"href":"https:\/\/sozialwerk-brandenburg.de\/index.php\/wp-json\/wp\/v2\/pages\/2208","targetHints":{"allow":["GET"]}}],"collection":[{"href":"https:\/\/sozialwerk-brandenburg.de\/index.php\/wp-json\/wp\/v2\/pages"}],"about":[{"href":"https:\/\/sozialwerk-brandenburg.de\/index.php\/wp-json\/wp\/v2\/types\/page"}],"author":[{"embeddable":true,"href":"https:\/\/sozialwerk-brandenburg.de\/index.php\/wp-json\/wp\/v2\/users\/1"}],"replies":[{"embeddable":true,"href":"https:\/\/sozialwerk-brandenburg.de\/index.php\/wp-json\/wp\/v2\/comments?post=2208"}],"version-history":[{"count":99,"href":"https:\/\/sozialwerk-brandenburg.de\/index.php\/wp-json\/wp\/v2\/pages\/2208\/revisions"}],"predecessor-version":[{"id":2640,"href":"https:\/\/sozialwerk-brandenburg.de\/index.php\/wp-json\/wp\/v2\/pages\/2208\/revisions\/2640"}],"wp:featuredmedia":[{"embeddable":true,"href":"https:\/\/sozialwerk-brandenburg.de\/index.php\/wp-json\/wp\/v2\/media\/509"}],"wp:attachment":[{"href":"https:\/\/sozialwerk-brandenburg.de\/index.php\/wp-json\/wp\/v2\/media?parent=2208"}],"curies":[{"name":"wp","href":"https:\/\/api.w.org\/{rel}","templated":true}]}}