{"id":2483,"date":"2025-07-02T19:14:47","date_gmt":"2025-07-02T17:14:47","guid":{"rendered":"https:\/\/sozialwerk-brandenburg.de\/?page_id=2483"},"modified":"2025-07-10T21:48:40","modified_gmt":"2025-07-10T19:48:40","slug":"kooperationen","status":"publish","type":"page","link":"https:\/\/sozialwerk-brandenburg.de\/index.php\/kooperationen\/","title":{"rendered":"Kooperationen"},"content":{"rendered":"\t\t<div data-elementor-type=\"wp-page\" data-elementor-id=\"2483\" class=\"elementor elementor-2483\">\n\t\t\t\t<div class=\"elementor-element elementor-element-d3cebf4 e-flex e-con-boxed e-con e-parent\" data-id=\"d3cebf4\" data-element_type=\"container\">\n\t\t\t\t\t<div class=\"e-con-inner\">\n\t\t\t\t<div class=\"elementor-element elementor-element-ad9050b elementor-widget elementor-widget-text-editor\" data-id=\"ad9050b\" data-element_type=\"widget\" data-widget_type=\"text-editor.default\">\n\t\t\t\t<div class=\"elementor-widget-container\">\n\t\t\t\t\t\t\t\t\t<p>Wir arbeiten mit folgenden Kooperationspartnern zusammen. Sie finden die Angebote der einzelnen Sozialwerke unter den genannten Internetadressen:<\/p>\t\t\t\t\t\t\t\t<\/div>\n\t\t\t\t<\/div>\n\t\t\t\t\t<\/div>\n\t\t\t\t<\/div>\n\t\t<div class=\"elementor-element elementor-element-7c9d3c7 e-flex e-con-boxed e-con e-parent\" data-id=\"7c9d3c7\" data-element_type=\"container\">\n\t\t\t\t\t<div class=\"e-con-inner\">\n\t\t<div class=\"elementor-element elementor-element-fa0f347 e-grid e-con-full e-con e-child\" data-id=\"fa0f347\" data-element_type=\"container\">\n\t\t<div class=\"elementor-element elementor-element-9118f17 e-con-full e-flex e-con e-child\" data-id=\"9118f17\" data-element_type=\"container\">\n\t\t\t\t<div class=\"elementor-element elementor-element-911c015 elementor-widget elementor-widget-image\" data-id=\"911c015\" data-element_type=\"widget\" data-widget_type=\"image.default\">\n\t\t\t\t<div class=\"elementor-widget-container\">\n\t\t\t\t\t\t\t\t\t\t\t\t\t\t\t\t<a href=\"http:\/\/www.bundeswehr-sozialwerk.de\">\n\t\t\t\t\t\t\t<img fetchpriority=\"high\" decoding=\"async\" width=\"690\" height=\"166\" src=\"https:\/\/sozialwerk-brandenburg.de\/wp-content\/uploads\/2022\/04\/logo200_bwsw_rgb-1.jpg.869301-1.jpg\" class=\"attachment-medium_large size-medium_large wp-image-420\" alt=\"\" srcset=\"https:\/\/sozialwerk-brandenburg.de\/wp-content\/uploads\/2022\/04\/logo200_bwsw_rgb-1.jpg.869301-1.jpg 690w, https:\/\/sozialwerk-brandenburg.de\/wp-content\/uploads\/2022\/04\/logo200_bwsw_rgb-1.jpg.869301-1-300x72.jpg 300w\" sizes=\"(max-width: 690px) 100vw, 690px\" \/>\t\t\t\t\t\t\t\t<\/a>\n\t\t\t\t\t\t\t\t\t\t\t\t\t\t\t<\/div>\n\t\t\t\t<\/div>\n\t\t\t\t<div class=\"elementor-element elementor-element-980e6c1 elementor-widget elementor-widget-text-editor\" data-id=\"980e6c1\" data-element_type=\"widget\" data-widget_type=\"text-editor.default\">\n\t\t\t\t<div class=\"elementor-widget-container\">\n\t\t\t\t\t\t\t\t\t<p>Bundeswehr-Sozialwerk e.V. <br \/><a href=\"http:\/\/www.bundeswehr-sozialwerk.de\" target=\"_blank\" rel=\"noopener\">www.bundeswehr-sozialwerk.de<\/a><br \/>Tel: 0228-37737-222 Belegungsstelle Familienerholung<br \/>Tel: 0334-583918 Nur Kinder- und Jugendfreizeiten aus dem Bereich-Ost<\/p>\t\t\t\t\t\t\t\t<\/div>\n\t\t\t\t<\/div>\n\t\t\t\t<\/div>\n\t\t<div class=\"elementor-element elementor-element-4498c4a e-con-full e-flex e-con e-child\" data-id=\"4498c4a\" data-element_type=\"container\">\n\t\t\t\t<div class=\"elementor-element elementor-element-69de8f2 elementor-widget elementor-widget-image\" data-id=\"69de8f2\" data-element_type=\"widget\" data-widget_type=\"image.default\">\n\t\t\t\t<div class=\"elementor-widget-container\">\n\t\t\t\t\t\t\t\t\t\t\t\t\t\t\t\t<a href=\"http:\/\/www.sozialwerk.bund.de\">\n\t\t\t\t\t\t\t<img decoding=\"async\" width=\"700\" height=\"161\" src=\"https:\/\/sozialwerk-brandenburg.de\/wp-content\/uploads\/2022\/04\/logo_swb_rgb_rz-1.jpg.869359-1.jpg\" class=\"attachment-medium_large size-medium_large wp-image-419\" alt=\"\" srcset=\"https:\/\/sozialwerk-brandenburg.de\/wp-content\/uploads\/2022\/04\/logo_swb_rgb_rz-1.jpg.869359-1.jpg 700w, https:\/\/sozialwerk-brandenburg.de\/wp-content\/uploads\/2022\/04\/logo_swb_rgb_rz-1.jpg.869359-1-300x69.jpg 300w\" sizes=\"(max-width: 700px) 100vw, 700px\" \/>\t\t\t\t\t\t\t\t<\/a>\n\t\t\t\t\t\t\t\t\t\t\t\t\t\t\t<\/div>\n\t\t\t\t<\/div>\n\t\t\t\t<div class=\"elementor-element elementor-element-87ac4cb elementor-widget elementor-widget-text-editor\" data-id=\"87ac4cb\" data-element_type=\"widget\" data-widget_type=\"text-editor.default\">\n\t\t\t\t<div class=\"elementor-widget-container\">\n\t\t\t\t\t\t\t\t\t<p>Sozialwerk der Inneren Verwaltung des Bundes e.V.<br \/><a href=\"http:\/\/www.sozialwerk.bund.de\" target=\"_blank\" rel=\"noopener\">www.sozialwerk.bund.de<\/a><br \/>Tel: 0611-752010<\/p><p>Nur Familienangebote buchbar, keine Jugendreisen<\/p>\t\t\t\t\t\t\t\t<\/div>\n\t\t\t\t<\/div>\n\t\t\t\t<\/div>\n\t\t<div class=\"elementor-element elementor-element-a73b08d e-con-full e-flex e-con e-child\" data-id=\"a73b08d\" data-element_type=\"container\">\n\t\t\t\t<div class=\"elementor-element elementor-element-0e99e6d elementor-widget elementor-widget-image\" data-id=\"0e99e6d\" data-element_type=\"widget\" data-widget_type=\"image.default\">\n\t\t\t\t<div class=\"elementor-widget-container\">\n\t\t\t\t\t\t\t\t\t\t\t\t\t\t\t\t<a href=\"http:\/\/www.machmit-sozialwerk.de\">\n\t\t\t\t\t\t\t<img decoding=\"async\" width=\"300\" height=\"164\" src=\"https:\/\/sozialwerk-brandenburg.de\/wp-content\/uploads\/2022\/04\/LogoMachMit-1.jpg.869414-1-300x164.jpg\" class=\"attachment-medium size-medium wp-image-421\" alt=\"\" srcset=\"https:\/\/sozialwerk-brandenburg.de\/wp-content\/uploads\/2022\/04\/LogoMachMit-1.jpg.869414-1-300x164.jpg 300w, https:\/\/sozialwerk-brandenburg.de\/wp-content\/uploads\/2022\/04\/LogoMachMit-1.jpg.869414-1.jpg 700w\" sizes=\"(max-width: 300px) 100vw, 300px\" \/>\t\t\t\t\t\t\t\t<\/a>\n\t\t\t\t\t\t\t\t\t\t\t\t\t\t\t<\/div>\n\t\t\t\t<\/div>\n\t\t\t\t<div class=\"elementor-element elementor-element-13b2777 elementor-widget elementor-widget-text-editor\" data-id=\"13b2777\" data-element_type=\"widget\" data-widget_type=\"text-editor.default\">\n\t\t\t\t<div class=\"elementor-widget-container\">\n\t\t\t\t\t\t\t\t\t<p>MachMit! e.V. <br><a href=\"http:\/\/www.machmit-sozialwerk.de\" target=\"_blank\">www.machmit-sozialwerk.de<\/a><\/p>\n<p>Tel: 0228-5271920<\/p>\t\t\t\t\t\t\t\t<\/div>\n\t\t\t\t<\/div>\n\t\t\t\t<\/div>\n\t\t<div class=\"elementor-element elementor-element-5511743 e-con-full e-flex e-con e-child\" data-id=\"5511743\" data-element_type=\"container\">\n\t\t\t\t<div class=\"elementor-element elementor-element-86ffaa9 elementor-widget elementor-widget-image\" data-id=\"86ffaa9\" data-element_type=\"widget\" data-widget_type=\"image.default\">\n\t\t\t\t<div class=\"elementor-widget-container\">\n\t\t\t\t\t\t\t\t\t\t\t\t\t\t\t\t<a href=\"http:\/\/www.sozialwerk-aa.de\">\n\t\t\t\t\t\t\t<img loading=\"lazy\" decoding=\"async\" width=\"700\" height=\"301\" src=\"https:\/\/sozialwerk-brandenburg.de\/wp-content\/uploads\/2022\/04\/swaa_logo_rgb_L-1.jpg.869403-1.jpg\" class=\"attachment-medium_large size-medium_large wp-image-443\" alt=\"\" srcset=\"https:\/\/sozialwerk-brandenburg.de\/wp-content\/uploads\/2022\/04\/swaa_logo_rgb_L-1.jpg.869403-1.jpg 700w, https:\/\/sozialwerk-brandenburg.de\/wp-content\/uploads\/2022\/04\/swaa_logo_rgb_L-1.jpg.869403-1-300x129.jpg 300w\" sizes=\"(max-width: 700px) 100vw, 700px\" \/>\t\t\t\t\t\t\t\t<\/a>\n\t\t\t\t\t\t\t\t\t\t\t\t\t\t\t<\/div>\n\t\t\t\t<\/div>\n\t\t\t\t<div class=\"elementor-element elementor-element-623bf16 elementor-widget elementor-widget-text-editor\" data-id=\"623bf16\" data-element_type=\"widget\" data-widget_type=\"text-editor.default\">\n\t\t\t\t<div class=\"elementor-widget-container\">\n\t\t\t\t\t\t\t\t\t<p><br><\/p><p>Sozialwerk des ausw\u00e4rtigen Amts e.V.<\/p>\n<p><a href=\"http:\/\/www.sozialwerk-aa.de\" target=\"_blank\" rel=\"noopener\">www.sozialwerk-aa.de<\/a><\/p>\n<p>Tel: 030-18174915<\/p>\t\t\t\t\t\t\t\t<\/div>\n\t\t\t\t<\/div>\n\t\t\t\t<\/div>\n\t\t<div class=\"elementor-element elementor-element-1a94aaf e-con-full e-flex e-con e-child\" data-id=\"1a94aaf\" data-element_type=\"container\">\n\t\t\t\t<div class=\"elementor-element elementor-element-16db9f2 elementor-widget elementor-widget-image\" data-id=\"16db9f2\" data-element_type=\"widget\" data-widget_type=\"image.default\">\n\t\t\t\t<div class=\"elementor-widget-container\">\n\t\t\t\t\t\t\t\t\t\t\t\t\t\t\t\t<a href=\"http:\/\/www.bsw24.de\">\n\t\t\t\t\t\t\t<img loading=\"lazy\" decoding=\"async\" width=\"700\" height=\"233\" src=\"https:\/\/sozialwerk-brandenburg.de\/wp-content\/uploads\/2022\/04\/bsw-logo4c-1.jpg.869246-1.jpg\" class=\"attachment-medium_large size-medium_large wp-image-415\" alt=\"\" srcset=\"https:\/\/sozialwerk-brandenburg.de\/wp-content\/uploads\/2022\/04\/bsw-logo4c-1.jpg.869246-1.jpg 700w, https:\/\/sozialwerk-brandenburg.de\/wp-content\/uploads\/2022\/04\/bsw-logo4c-1.jpg.869246-1-300x100.jpg 300w\" sizes=\"(max-width: 700px) 100vw, 700px\" \/>\t\t\t\t\t\t\t\t<\/a>\n\t\t\t\t\t\t\t\t\t\t\t\t\t\t\t<\/div>\n\t\t\t\t<\/div>\n\t\t\t\t<div class=\"elementor-element elementor-element-a092175 elementor-widget elementor-widget-text-editor\" data-id=\"a092175\" data-element_type=\"widget\" data-widget_type=\"text-editor.default\">\n\t\t\t\t<div class=\"elementor-widget-container\">\n\t\t\t\t\t\t\t\t\t<p><br><\/p><p>Stiftung Bahn-Sozialwerk (BSW)<\/p>\n<p><a href=\"http:\/\/www.bsw24.de\" target=\"_blank\">&nbsp;www.bsw24.de<\/a><\/p>\t\t\t\t\t\t\t\t<\/div>\n\t\t\t\t<\/div>\n\t\t\t\t<\/div>\n\t\t<div class=\"elementor-element elementor-element-18fc3aa e-con-full e-flex e-con e-child\" data-id=\"18fc3aa\" data-element_type=\"container\">\n\t\t\t\t<div class=\"elementor-element elementor-element-6ef6e45 elementor-widget elementor-widget-image\" data-id=\"6ef6e45\" data-element_type=\"widget\" data-widget_type=\"image.default\">\n\t\t\t\t<div class=\"elementor-widget-container\">\n\t\t\t\t\t\t\t\t\t\t\t\t\t\t\t\t<a href=\"http:\/\/www.sozialwerk-bfv.de\">\n\t\t\t\t\t\t\t<img loading=\"lazy\" decoding=\"async\" width=\"218\" height=\"48\" src=\"https:\/\/sozialwerk-brandenburg.de\/wp-content\/uploads\/2022\/04\/sw_bfv_logo-1.png.933259-1.png\" class=\"attachment-medium_large size-medium_large wp-image-442\" alt=\"\" \/>\t\t\t\t\t\t\t\t<\/a>\n\t\t\t\t\t\t\t\t\t\t\t\t\t\t\t<\/div>\n\t\t\t\t<\/div>\n\t\t\t\t<div class=\"elementor-element elementor-element-92c639c elementor-widget elementor-widget-text-editor\" data-id=\"92c639c\" data-element_type=\"widget\" data-widget_type=\"text-editor.default\">\n\t\t\t\t<div class=\"elementor-widget-container\">\n\t\t\t\t\t\t\t\t\t<p>\u00a0<\/p><p>Sozialwerk der Bundesfinanzverwaltung e.V.<\/p><p><a href=\"http:\/\/www.sozialwerk-bfv.de\" target=\"_blank\" rel=\"noopener\">www.sozialwerk-bfv.de<\/a><\/p><p>Tel: 0228 \/ 997030 \u2013 3936 \/ 3935 \/ 3934*<\/p>\t\t\t\t\t\t\t\t<\/div>\n\t\t\t\t<\/div>\n\t\t\t\t<\/div>\n\t\t\t\t<\/div>\n\t\t\t\t\t<\/div>\n\t\t\t\t<\/div>\n\t\t<div class=\"elementor-element elementor-element-e989cee e-flex e-con-boxed e-con e-parent\" data-id=\"e989cee\" data-element_type=\"container\">\n\t\t\t\t\t<div class=\"e-con-inner\">\n\t\t\t\t<div class=\"elementor-element elementor-element-5064c84 elementor-widget elementor-widget-text-editor\" data-id=\"5064c84\" data-element_type=\"widget\" data-widget_type=\"text-editor.default\">\n\t\t\t\t<div class=\"elementor-widget-container\">\n\t\t\t\t\t\t\t\t\t<p>*Sozialwerk der Bundesfinanzverwaltung e.V&nbsp;<\/p><p>Tel: 0228 \/ 997030 \u2013 3936<br>Ferienhaus Bad Malente, Rerik (Ostsee), Prora (R\u00fcgen), Heringsdorf und Kienheide\/Karlshagen (Usedom), Aiglon (Berlin), Villa Viktoria (Dresden)<\/p>\n<p>Tel: 0228 \/ 997030 \u2013 3935<br>Ferienhaus Schloss Hohenaschau (Chiemgau), Hei\u00dfb\u00e4ck (Berchtesgaden), Birgsau (Allg\u00e4u), Wangen und Horn (Bodensee), Bad Bellingen (Oberrhein) und Z\u00f6blitz (Erzgebirge), Peschiera (Gardasee)<\/p>\n<p>Tel: 0228 \/ 997030 \u2013 3934<br>Ferienhaus Immenhus und Raanhus Rantum<br>Sylt, Cuxhaven Duhnen und Sahlenburg, Tossens (Jadebusen), Wangerooge, Borkum und Winterberg (Sauerland)<\/p>\t\t\t\t\t\t\t\t<\/div>\n\t\t\t\t<\/div>\n\t\t\t\t\t<\/div>\n\t\t\t\t<\/div>\n\t\t\t\t<\/div>\n\t\t","protected":false},"excerpt":{"rendered":"<p>Wir arbeiten mit folgenden Kooperationspartnern zusammen. Sie finden die Angebote der einzelnen Sozialwerke unter den genannten Internetadressen: Bundeswehr-Sozialwerk e.V. www.bundeswehr-sozialwerk.deTel: 0228-37737-222 Belegungsstelle FamilienerholungTel: 0334-583918 Nur Kinder- und Jugendfreizeiten aus dem Bereich-Ost Sozialwerk der Inneren Verwaltung des Bundes e.V.www.sozialwerk.bund.deTel: 0611-752010 Nur Familienangebote buchbar, keine Jugendreisen MachMit! e.V. www.machmit-sozialwerk.de Tel: 0228-5271920 Sozialwerk des ausw\u00e4rtigen Amts e.V. www.sozialwerk-aa.de [&hellip;]<\/p>\n","protected":false},"author":1,"featured_media":0,"parent":0,"menu_order":0,"comment_status":"closed","ping_status":"closed","template":"","meta":{"ocean_post_layout":"","ocean_both_sidebars_style":"","ocean_both_sidebars_content_width":0,"ocean_both_sidebars_sidebars_width":0,"ocean_sidebar":"","ocean_second_sidebar":"","ocean_disable_margins":"enable","ocean_add_body_class":"","ocean_shortcode_before_top_bar":"","ocean_shortcode_after_top_bar":"","ocean_shortcode_before_header":"","ocean_shortcode_after_header":"","ocean_has_shortcode":"","ocean_shortcode_after_title":"","ocean_shortcode_before_footer_widgets":"","ocean_shortcode_after_footer_widgets":"","ocean_shortcode_before_footer_bottom":"","ocean_shortcode_after_footer_bottom":"","ocean_display_top_bar":"default","ocean_display_header":"default","ocean_header_style":"","ocean_center_header_left_menu":"","ocean_custom_header_template":"","ocean_custom_logo":0,"ocean_custom_retina_logo":0,"ocean_custom_logo_max_width":0,"ocean_custom_logo_tablet_max_width":0,"ocean_custom_logo_mobile_max_width":0,"ocean_custom_logo_max_height":0,"ocean_custom_logo_tablet_max_height":0,"ocean_custom_logo_mobile_max_height":0,"ocean_header_custom_menu":"","ocean_menu_typo_font_family":"","ocean_menu_typo_font_subset":"","ocean_menu_typo_font_size":0,"ocean_menu_typo_font_size_tablet":0,"ocean_menu_typo_font_size_mobile":0,"ocean_menu_typo_font_size_unit":"px","ocean_menu_typo_font_weight":"","ocean_menu_typo_font_weight_tablet":"","ocean_menu_typo_font_weight_mobile":"","ocean_menu_typo_transform":"","ocean_menu_typo_transform_tablet":"","ocean_menu_typo_transform_mobile":"","ocean_menu_typo_line_height":0,"ocean_menu_typo_line_height_tablet":0,"ocean_menu_typo_line_height_mobile":0,"ocean_menu_typo_line_height_unit":"","ocean_menu_typo_spacing":0,"ocean_menu_typo_spacing_tablet":0,"ocean_menu_typo_spacing_mobile":0,"ocean_menu_typo_spacing_unit":"","ocean_menu_link_color":"","ocean_menu_link_color_hover":"","ocean_menu_link_color_active":"","ocean_menu_link_background":"","ocean_menu_link_hover_background":"","ocean_menu_link_active_background":"","ocean_menu_social_links_bg":"","ocean_menu_social_hover_links_bg":"","ocean_menu_social_links_color":"","ocean_menu_social_hover_links_color":"","ocean_disable_title":"default","ocean_disable_heading":"default","ocean_post_title":"","ocean_post_subheading":"","ocean_post_title_style":"","ocean_post_title_background_color":"","ocean_post_title_background":0,"ocean_post_title_bg_image_position":"","ocean_post_title_bg_image_attachment":"","ocean_post_title_bg_image_repeat":"","ocean_post_title_bg_image_size":"","ocean_post_title_height":0,"ocean_post_title_bg_overlay":0.5,"ocean_post_title_bg_overlay_color":"","ocean_disable_breadcrumbs":"default","ocean_breadcrumbs_color":"","ocean_breadcrumbs_separator_color":"","ocean_breadcrumbs_links_color":"","ocean_breadcrumbs_links_hover_color":"","ocean_display_footer_widgets":"default","ocean_display_footer_bottom":"default","ocean_custom_footer_template":"","omw_enable_modal_window":"enable","footnotes":""},"class_list":["post-2483","page","type-page","status-publish","hentry","entry"],"_links":{"self":[{"href":"https:\/\/sozialwerk-brandenburg.de\/index.php\/wp-json\/wp\/v2\/pages\/2483","targetHints":{"allow":["GET"]}}],"collection":[{"href":"https:\/\/sozialwerk-brandenburg.de\/index.php\/wp-json\/wp\/v2\/pages"}],"about":[{"href":"https:\/\/sozialwerk-brandenburg.de\/index.php\/wp-json\/wp\/v2\/types\/page"}],"author":[{"embeddable":true,"href":"https:\/\/sozialwerk-brandenburg.de\/index.php\/wp-json\/wp\/v2\/users\/1"}],"replies":[{"embeddable":true,"href":"https:\/\/sozialwerk-brandenburg.de\/index.php\/wp-json\/wp\/v2\/comments?post=2483"}],"version-history":[{"count":19,"href":"https:\/\/sozialwerk-brandenburg.de\/index.php\/wp-json\/wp\/v2\/pages\/2483\/revisions"}],"predecessor-version":[{"id":3052,"href":"https:\/\/sozialwerk-brandenburg.de\/index.php\/wp-json\/wp\/v2\/pages\/2483\/revisions\/3052"}],"wp:attachment":[{"href":"https:\/\/sozialwerk-brandenburg.de\/index.php\/wp-json\/wp\/v2\/media?parent=2483"}],"curies":[{"name":"wp","href":"https:\/\/api.w.org\/{rel}","templated":true}]}}