{"id":2527,"date":"2025-07-02T21:33:11","date_gmt":"2025-07-02T19:33:11","guid":{"rendered":"https:\/\/sozialwerk-brandenburg.de\/?page_id=2527"},"modified":"2025-08-22T20:24:44","modified_gmt":"2025-08-22T18:24:44","slug":"freie-plaetze","status":"publish","type":"page","link":"https:\/\/sozialwerk-brandenburg.de\/index.php\/freie-plaetze\/","title":{"rendered":"Freie Pl\u00e4tze"},"content":{"rendered":"\t\t<div data-elementor-type=\"wp-page\" data-elementor-id=\"2527\" class=\"elementor elementor-2527\">\n\t\t\t\t<div class=\"elementor-element elementor-element-b479744 e-flex e-con-boxed e-con e-parent\" data-id=\"b479744\" data-element_type=\"container\">\n\t\t\t\t\t<div class=\"e-con-inner\">\n\t\t\t\t<div class=\"elementor-element elementor-element-ba71017 elementor-widget elementor-widget-heading\" data-id=\"ba71017\" data-element_type=\"widget\" data-widget_type=\"heading.default\">\n\t\t\t\t<div class=\"elementor-widget-container\">\n\t\t\t\t\t<h2 class=\"elementor-heading-title elementor-size-default\">Freie Pl\u00e4tze<\/h2>\t\t\t\t<\/div>\n\t\t\t\t<\/div>\n\t\t\t\t<div class=\"elementor-element elementor-element-a0fe84c elementor-widget elementor-widget-spacer\" data-id=\"a0fe84c\" data-element_type=\"widget\" data-widget_type=\"spacer.default\">\n\t\t\t\t<div class=\"elementor-widget-container\">\n\t\t\t\t\t\t\t<div class=\"elementor-spacer\">\n\t\t\t<div class=\"elementor-spacer-inner\"><\/div>\n\t\t<\/div>\n\t\t\t\t\t\t<\/div>\n\t\t\t\t<\/div>\n\t\t\t\t<div class=\"elementor-element elementor-element-3d738d7 elementor-widget elementor-widget-text-editor\" data-id=\"3d738d7\" data-element_type=\"widget\" data-widget_type=\"text-editor.default\">\n\t\t\t\t<div class=\"elementor-widget-container\">\n\t\t\t\t\t\t\t\t\t<p>Liebe Mitglieder,<\/p><p>Antr\u00e4ge nimmt die Gesch\u00e4ftsstelle per Mail (info@sozialwerk.brandenburg.de) bis zum 20.01.2025 f\u00fcr das kommende Urlaubsjahr entgegen. Unseren letzten Informationen zu den Restpl\u00e4tzen konnten Sie entnehmen, dass die Objekte besonders in der Hauptsaison oft ausgebucht waren. Um eine reibungslose Buchung m\u00f6glich zu machen, stellen Sie die Antr\u00e4ge bitte rechtzeitig und innerhalb der o.g. Frist. Nat\u00fcrlich steht Ihnen dazu auch der Postweg offen. Ausf\u00fcllhinweise zur Seite 2 finden Sie im Newsletter 5\/24 , den wir am 20. Dezember letzten Jahres verschickt haben.<\/p><p>Ansonsten stehen wir Ihnen auch telefonisch f\u00fcr direkte Anfragen zur Verf\u00fcgung.<br \/><span style=\"font-size: 14px;\">Wer noch keine M\u00f6glichkeit der Erholungsplanung hatte, kann sich hier \u00fcber freie Erholungspl\u00e4tze informieren:<\/span><\/p>\t\t\t\t\t\t\t\t<\/div>\n\t\t\t\t<\/div>\n\t\t\t\t\t<\/div>\n\t\t\t\t<\/div>\n\t\t<div class=\"elementor-element elementor-element-69eb51c e-flex e-con-boxed e-con e-parent\" data-id=\"69eb51c\" data-element_type=\"container\">\n\t\t\t\t\t<div class=\"e-con-inner\">\n\t\t\t\t<div class=\"elementor-element elementor-element-eab9440 elementor-widget elementor-widget-shortcode\" data-id=\"eab9440\" data-element_type=\"widget\" data-widget_type=\"shortcode.default\">\n\t\t\t\t<div class=\"elementor-widget-container\">\n\t\t\t\t\t\t\t<div class=\"elementor-shortcode\"><div class=\"textdatei-inhalt\"><br \/>\nFreie Pl\u00e4tze Zempin <br \/>\n<br \/>\nDezember 2025<br \/>\r\n<br \/>\r\n15.12.25-15.01.26 2 Pers. Doppelzimmer<br \/>\r\n15.12.25-15.01.26 2 Pers. Doppelzimmer<br \/>\r\n15.12.25-15.01.26 2 Pers. beh. Suite<br \/>\r\n15.12.25-15.01.26 2 Pers. Suite<br \/>\r\n15.12.25-15.01.26 4 Pers. Suite<br \/>\r\n15.12.25-15.01.26 4 Pers. Suite<br \/>\r\n15.12.25-15.01.26 4 Pers. Suite<\/div>\n<\/div>\n\t\t\t\t\t\t<\/div>\n\t\t\t\t<\/div>\n\t\t\t\t<div class=\"elementor-element elementor-element-2947e4f elementor-widget elementor-widget-spacer\" data-id=\"2947e4f\" data-element_type=\"widget\" data-widget_type=\"spacer.default\">\n\t\t\t\t<div class=\"elementor-widget-container\">\n\t\t\t\t\t\t\t<div class=\"elementor-spacer\">\n\t\t\t<div class=\"elementor-spacer-inner\"><\/div>\n\t\t<\/div>\n\t\t\t\t\t\t<\/div>\n\t\t\t\t<\/div>\n\t\t\t\t\t<\/div>\n\t\t\t\t<\/div>\n\t\t<div class=\"elementor-element elementor-element-22c7490 e-flex e-con-boxed e-con e-parent\" data-id=\"22c7490\" data-element_type=\"container\">\n\t\t\t\t\t<div class=\"e-con-inner\">\n\t\t\t\t<div class=\"elementor-element elementor-element-95b8870 elementor-align-left elementor-widget elementor-widget-button\" data-id=\"95b8870\" data-element_type=\"widget\" data-widget_type=\"button.default\">\n\t\t\t\t<div class=\"elementor-widget-container\">\n\t\t\t\t\t\t\t\t\t<div class=\"elementor-button-wrapper\">\n\t\t\t\t\t<a class=\"elementor-button elementor-button-link elementor-size-sm\" href=\"http:\/\/sozialwerk-brandenburg.de\/wp-content\/uploads\/2023\/02\/2023_Erholungsantrag_kompl-1.pdf\">\n\t\t\t\t\t\t<span class=\"elementor-button-content-wrapper\">\n\t\t\t\t\t\t\t\t\t<span class=\"elementor-button-text\">Erholungsantrag<\/span>\n\t\t\t\t\t<\/span>\n\t\t\t\t\t<\/a>\n\t\t\t\t<\/div>\n\t\t\t\t\t\t\t\t<\/div>\n\t\t\t\t<\/div>\n\t\t\t\t\t<\/div>\n\t\t\t\t<\/div>\n\t\t\t\t<\/div>\n\t\t","protected":false},"excerpt":{"rendered":"<p>Freie Pl\u00e4tze Liebe Mitglieder, Antr\u00e4ge nimmt die Gesch\u00e4ftsstelle per Mail (info@sozialwerk.brandenburg.de) bis zum 20.01.2025 f\u00fcr das kommende Urlaubsjahr entgegen. Unseren letzten Informationen zu den Restpl\u00e4tzen konnten Sie entnehmen, dass die Objekte besonders in der Hauptsaison oft ausgebucht waren. Um eine reibungslose Buchung m\u00f6glich zu machen, stellen Sie die Antr\u00e4ge bitte rechtzeitig und innerhalb der o.g. [&hellip;]<\/p>\n","protected":false},"author":1,"featured_media":0,"parent":0,"menu_order":0,"comment_status":"closed","ping_status":"closed","template":"","meta":{"ocean_post_layout":"","ocean_both_sidebars_style":"","ocean_both_sidebars_content_width":0,"ocean_both_sidebars_sidebars_width":0,"ocean_sidebar":"","ocean_second_sidebar":"","ocean_disable_margins":"enable","ocean_add_body_class":"","ocean_shortcode_before_top_bar":"","ocean_shortcode_after_top_bar":"","ocean_shortcode_before_header":"","ocean_shortcode_after_header":"","ocean_has_shortcode":"","ocean_shortcode_after_title":"","ocean_shortcode_before_footer_widgets":"","ocean_shortcode_after_footer_widgets":"","ocean_shortcode_before_footer_bottom":"","ocean_shortcode_after_footer_bottom":"","ocean_display_top_bar":"default","ocean_display_header":"default","ocean_header_style":"","ocean_center_header_left_menu":"","ocean_custom_header_template":"","ocean_custom_logo":0,"ocean_custom_retina_logo":0,"ocean_custom_logo_max_width":0,"ocean_custom_logo_tablet_max_width":0,"ocean_custom_logo_mobile_max_width":0,"ocean_custom_logo_max_height":0,"ocean_custom_logo_tablet_max_height":0,"ocean_custom_logo_mobile_max_height":0,"ocean_header_custom_menu":"","ocean_menu_typo_font_family":"","ocean_menu_typo_font_subset":"","ocean_menu_typo_font_size":0,"ocean_menu_typo_font_size_tablet":0,"ocean_menu_typo_font_size_mobile":0,"ocean_menu_typo_font_size_unit":"px","ocean_menu_typo_font_weight":"","ocean_menu_typo_font_weight_tablet":"","ocean_menu_typo_font_weight_mobile":"","ocean_menu_typo_transform":"","ocean_menu_typo_transform_tablet":"","ocean_menu_typo_transform_mobile":"","ocean_menu_typo_line_height":0,"ocean_menu_typo_line_height_tablet":0,"ocean_menu_typo_line_height_mobile":0,"ocean_menu_typo_line_height_unit":"","ocean_menu_typo_spacing":0,"ocean_menu_typo_spacing_tablet":0,"ocean_menu_typo_spacing_mobile":0,"ocean_menu_typo_spacing_unit":"","ocean_menu_link_color":"","ocean_menu_link_color_hover":"","ocean_menu_link_color_active":"","ocean_menu_link_background":"","ocean_menu_link_hover_background":"","ocean_menu_link_active_background":"","ocean_menu_social_links_bg":"","ocean_menu_social_hover_links_bg":"","ocean_menu_social_links_color":"","ocean_menu_social_hover_links_color":"","ocean_disable_title":"default","ocean_disable_heading":"default","ocean_post_title":"","ocean_post_subheading":"","ocean_post_title_style":"","ocean_post_title_background_color":"","ocean_post_title_background":0,"ocean_post_title_bg_image_position":"","ocean_post_title_bg_image_attachment":"","ocean_post_title_bg_image_repeat":"","ocean_post_title_bg_image_size":"","ocean_post_title_height":0,"ocean_post_title_bg_overlay":0.5,"ocean_post_title_bg_overlay_color":"","ocean_disable_breadcrumbs":"default","ocean_breadcrumbs_color":"","ocean_breadcrumbs_separator_color":"","ocean_breadcrumbs_links_color":"","ocean_breadcrumbs_links_hover_color":"","ocean_display_footer_widgets":"default","ocean_display_footer_bottom":"default","ocean_custom_footer_template":"","omw_enable_modal_window":"enable","footnotes":""},"class_list":["post-2527","page","type-page","status-publish","hentry","entry"],"_links":{"self":[{"href":"https:\/\/sozialwerk-brandenburg.de\/index.php\/wp-json\/wp\/v2\/pages\/2527","targetHints":{"allow":["GET"]}}],"collection":[{"href":"https:\/\/sozialwerk-brandenburg.de\/index.php\/wp-json\/wp\/v2\/pages"}],"about":[{"href":"https:\/\/sozialwerk-brandenburg.de\/index.php\/wp-json\/wp\/v2\/types\/page"}],"author":[{"embeddable":true,"href":"https:\/\/sozialwerk-brandenburg.de\/index.php\/wp-json\/wp\/v2\/users\/1"}],"replies":[{"embeddable":true,"href":"https:\/\/sozialwerk-brandenburg.de\/index.php\/wp-json\/wp\/v2\/comments?post=2527"}],"version-history":[{"count":28,"href":"https:\/\/sozialwerk-brandenburg.de\/index.php\/wp-json\/wp\/v2\/pages\/2527\/revisions"}],"predecessor-version":[{"id":3184,"href":"https:\/\/sozialwerk-brandenburg.de\/index.php\/wp-json\/wp\/v2\/pages\/2527\/revisions\/3184"}],"wp:attachment":[{"href":"https:\/\/sozialwerk-brandenburg.de\/index.php\/wp-json\/wp\/v2\/media?parent=2527"}],"curies":[{"name":"wp","href":"https:\/\/api.w.org\/{rel}","templated":true}]}}