{"id":2693,"date":"2025-07-07T13:44:05","date_gmt":"2025-07-07T11:44:05","guid":{"rendered":"https:\/\/sozialwerk-brandenburg.de\/?page_id=2693"},"modified":"2025-07-23T14:26:09","modified_gmt":"2025-07-23T12:26:09","slug":"datenschutz_n","status":"publish","type":"page","link":"https:\/\/sozialwerk-brandenburg.de\/index.php\/datenschutz_n\/","title":{"rendered":"Datenschutz"},"content":{"rendered":"\t\t<div data-elementor-type=\"wp-page\" data-elementor-id=\"2693\" class=\"elementor elementor-2693\">\n\t\t\t\t<div class=\"elementor-element elementor-element-50810d0 e-flex e-con-boxed e-con e-parent\" data-id=\"50810d0\" data-element_type=\"container\">\n\t\t\t\t\t<div class=\"e-con-inner\">\n\t\t\t\t<div class=\"elementor-element elementor-element-0a738dd elementor-widget elementor-widget-heading\" data-id=\"0a738dd\" data-element_type=\"widget\" data-widget_type=\"heading.default\">\n\t\t\t\t<div class=\"elementor-widget-container\">\n\t\t\t\t\t<h2 class=\"elementor-heading-title elementor-size-default\">Datenschutzerkl\u00e4rung<\/h2>\t\t\t\t<\/div>\n\t\t\t\t<\/div>\n\t\t\t\t\t<\/div>\n\t\t\t\t<\/div>\n\t\t<div class=\"elementor-element elementor-element-cb04274 e-flex e-con-boxed e-con e-parent\" data-id=\"cb04274\" data-element_type=\"container\">\n\t\t\t\t\t<div class=\"e-con-inner\">\n\t\t\t\t<div class=\"elementor-element elementor-element-f9730c1 elementor-widget elementor-widget-text-editor\" data-id=\"f9730c1\" data-element_type=\"widget\" data-widget_type=\"text-editor.default\">\n\t\t\t\t<div class=\"elementor-widget-container\">\n\t\t\t\t\t\t\t\t\t<p><br \/>Das Sozialwerk der brandenburgischen Landesbediensteten e.V. verarbeitet Daten von Ihnen im Zusammenhang mit Ihrer Mitgliedschaft im Sozialwerk. Mit diesen Datenschutzhinweisen m\u00f6chte das Sozialwerk der brandenburgischen Landesbediensteten e.V. Sie nachstehend gem\u00e4\u00df Art. 13 DSGVO \u00fcber die Verarbeitung Ihrer Daten informieren.<\/p><p>1. Name und Kontaktdaten der verantwortlichen Stelle f\u00fcr die Datenverarbeitung<\/p><p>Verantwortlich f\u00fcr die Datenerhebung ist das<\/p><p>Sozialwerk der brandenburgischen Landesbediensteten e.V.<\/p><p>Sitz beim: Ministerium des Innern und f\u00fcr Kommunales Brandenburg<br \/>Haus N, Zimmer 324<br \/>Henning-von-Tresckow-Str. 9-13<br \/>14467 Potsdam<\/p><p>Telefon: 0331 866 6809<br \/>Telefax: 0331 600 1610<br \/>E-Mail: info@sozialwerk.brandenburg.de<br \/>Web: www.sozialwerk.brandenburg.de<\/p><p>2. Zwecke und Rechtsgrundlagen der Verarbeitung<\/p><p>2a) Zwecke der Verarbeitung:<\/p><p>Ihre Daten werden erhoben im Zusammenhang mit<br \/>\u2022 Ihrer Beitrittserkl\u00e4rung<br \/>\u2022 der Stellung eines Antrages auf einen Erholungsaufenthalt <br \/>\u2022 der \u00c4nderung Ihrer pers\u00f6nlichen Daten<br \/>\u2022 dem Ende Ihrer Mitgliedschaft<br \/>\u2022 dem Zusenden von Infobriefen, Katalogen und Newslettern<\/p><p>2b) Rechtsgrundlagen der Verarbeitung:<br \/>Ihre Daten werden auf Grundlage von Art. 6 Abs. 1 Buchst. b) und f) DSGVO in Verbindung mit der Satzung des Sozialwerkes verarbeitet.<\/p><p>3. Empf\u00e4nger oder Kategorien von Empf\u00e4ngern der personenbezogenen Daten<\/p><p>Ihre personenbezogenen Daten werden weitergegeben an:<\/p><p>\u2022 Kooperationspartner des Sozialwerkes, jedoch nur wenn \u00fcber diese ein Erholungsantrag gestellt wird und die personenbezogenen Daten f\u00fcr die Bearbeitung erforderlich sind (kooperierende Sozialwerke, Partner von Kinderfreizeitangeboten, Sprachreiseanbieter)<\/p><p>4. Dauer der Speicherung der personenbezogenen Daten<\/p><p>Ihre Daten werden nach der Erhebung beim Sozialwerk der brandenburgischen Landesbediensteten e.V. so lange gespeichert, wie dies unter Beachtung der gesetzlichen Aufbewahrungsfristen gem\u00e4\u00df \u00a7 147 Abgabeordnung f\u00fcr die Dokumentations- und Nachweispflicht gegen\u00fcber dem Finanzamt (B\u00fccher und Aufzeichnungen, Inventare, Jahresabschl\u00fcsse, Lageberichte, die Er\u00f6ffnungsbilanz sowie die zu ihrem Verst\u00e4ndnis erforderlichen Arbeitsanweisungen und sonstigen Organisationsunterlagen, Buchungsbelege: 10 Jahre, die empfangenen Handels- oder Gesch\u00e4ftsbriefe, Wiedergaben der abgesandten Handels- oder Gesch\u00e4ftsbriefe, sonstige Unterlagen, soweit sie f\u00fcr die Besteuerung von Bedeutung sind: 6 Jahre) sowie die Mitgliederverwaltung und die Bearbeitung der Urlaubsantr\u00e4ge erforderlich ist.<\/p><p>5. Betroffenenrechte<\/p><p>Nach der Datenschutz-Grundverordnung stehen Ihnen folgende Rechte zu:<\/p><p>Werden Ihre personenbezogenen Daten verarbeitet, so haben Sie das Recht Auskunft \u00fcber die zu Ihrer Person gespeicherten Daten zu erhalten (Art. 15 DSGVO).<\/p><p>Sollten unrichtige personenbezogene Daten verarbeitet werden, steht Ihnen ein Recht auf Berichtigung zu (Art. 16 DSGVO).<\/p><p>Liegen die gesetzlichen Voraussetzungen vor, so k\u00f6nnen Sie die L\u00f6schung oder Einschr\u00e4nkung der Verarbeitung verlangen sowie Widerspruch gegen die Verarbeitung einlegen (Art. 17, 18 und 21 DSGVO).<\/p><p>Wenn Sie in die Datenverarbeitung eingewilligt haben oder ein Vertrag zur Datenverarbeitung besteht und die Datenverarbeitung mithilfe automatisierter Verfahren durchgef\u00fchrt wird, steht Ihnen gegebenenfalls ein Recht auf Daten\u00fcbertragbarkeit zu (Art. 20 DSGVO).<\/p><p>Sollten Sie von Ihren oben genannten Rechten Gebrauch machen, pr\u00fcft die \u00f6ffentliche Stelle, ob die gesetzlichen Voraussetzungen hierf\u00fcr erf\u00fcllt sind.<\/p><p>6. Widerrufsrecht bei Einwilligung<\/p><p>Wenn Sie in die Verarbeitung durch das Sozialwerk der brandenburgischen Landesbediensteten e.V. durch eine entsprechende Erkl\u00e4rung eingewilligt haben, k\u00f6nnen Sie die Einwilligung jederzeit f\u00fcr die Zukunft widerrufen. Die Rechtm\u00e4\u00dfigkeit der aufgrund der Einwilligung bis zum Widerruf erfolgten Datenverarbeitung wird durch diesen nicht ber\u00fchrt.<\/p><p>7. Beschwerderecht<\/p><p>Jede betroffene Person hat das Recht auf Beschwerde bei der Aufsichtsbeh\u00f6rde, wenn sie der Ansicht ist, dass ihre personenbezogenen Daten rechtswidrig verarbeitet werden.<\/p><p>Wenn Sie sich an die Landesbeauftragte f\u00fcr den Datenschutz und f\u00fcr das Recht auf Akteneinsicht wenden m\u00f6chten, k\u00f6nnen Sie sie wie folgt kontaktieren:<\/p><p>Die Landesbeauftragte f\u00fcr den Datenschutz und f\u00fcr das Recht auf Akteneinsicht<\/p><p>Dagmar Hartge<br \/>Stahnsdorfer Damm 77<br \/>14532 Kleinmachnow<\/p><p>Telefon: 033203\/356-0<br \/>Telefax: 033203\/356-49<br \/>E-Mail: Poststelle@LDA.Brandenburg.de<\/p><p>Weitere Informationen k\u00f6nnen Sie dem offiziellen Internetauftritt der Landesbeauftragten unter http:\/\/www.lda.brandenburg.de entnehmen.<\/p><p>8. Pflicht zur Bereitstellung der Daten<\/p><p>Sie sind dazu verpflichtet, Ihre Daten anzugeben. Diese Verpflichtung ergibt sich aus der Satzung des Sozialwerkes der brandenburgischen Landesbediensteten e.V. und den daraus abgeleiteten Richtlinien.<\/p><p>Das Sozialwerk der brandenburgischen Landesbediensteten e.V. ben\u00f6tigt Ihre Daten, um den Zweck der Satzung zu erf\u00fcllen, die Mitglieder zu verwalten und Ihre Antr\u00e4ge auf Erholungsaufenthalte bearbeiten zu k\u00f6nnen.<\/p><p>Wenn Sie die erforderlichen Daten nicht angeben, kann \u00fcber Ihre Mitgliedschaft nicht entschieden bzw. kann Ihr Antrag oder Ihr Anliegen nicht bearbeitet werden.<\/p>\t\t\t\t\t\t\t\t<\/div>\n\t\t\t\t<\/div>\n\t\t\t\t\t<\/div>\n\t\t\t\t<\/div>\n\t\t\t\t<\/div>\n\t\t","protected":false},"excerpt":{"rendered":"<p>Datenschutzerkl\u00e4rung Das Sozialwerk der brandenburgischen Landesbediensteten e.V. verarbeitet Daten von Ihnen im Zusammenhang mit Ihrer Mitgliedschaft im Sozialwerk. Mit diesen Datenschutzhinweisen m\u00f6chte das Sozialwerk der brandenburgischen Landesbediensteten e.V. Sie nachstehend gem\u00e4\u00df Art. 13 DSGVO \u00fcber die Verarbeitung Ihrer Daten informieren. 1. Name und Kontaktdaten der verantwortlichen Stelle f\u00fcr die Datenverarbeitung Verantwortlich f\u00fcr die Datenerhebung ist [&hellip;]<\/p>\n","protected":false},"author":1,"featured_media":0,"parent":0,"menu_order":0,"comment_status":"closed","ping_status":"closed","template":"","meta":{"ocean_post_layout":"","ocean_both_sidebars_style":"","ocean_both_sidebars_content_width":0,"ocean_both_sidebars_sidebars_width":0,"ocean_sidebar":"","ocean_second_sidebar":"","ocean_disable_margins":"enable","ocean_add_body_class":"","ocean_shortcode_before_top_bar":"","ocean_shortcode_after_top_bar":"","ocean_shortcode_before_header":"","ocean_shortcode_after_header":"","ocean_has_shortcode":"","ocean_shortcode_after_title":"","ocean_shortcode_before_footer_widgets":"","ocean_shortcode_after_footer_widgets":"","ocean_shortcode_before_footer_bottom":"","ocean_shortcode_after_footer_bottom":"","ocean_display_top_bar":"default","ocean_display_header":"default","ocean_header_style":"","ocean_center_header_left_menu":"","ocean_custom_header_template":"","ocean_custom_logo":0,"ocean_custom_retina_logo":0,"ocean_custom_logo_max_width":0,"ocean_custom_logo_tablet_max_width":0,"ocean_custom_logo_mobile_max_width":0,"ocean_custom_logo_max_height":0,"ocean_custom_logo_tablet_max_height":0,"ocean_custom_logo_mobile_max_height":0,"ocean_header_custom_menu":"","ocean_menu_typo_font_family":"","ocean_menu_typo_font_subset":"","ocean_menu_typo_font_size":0,"ocean_menu_typo_font_size_tablet":0,"ocean_menu_typo_font_size_mobile":0,"ocean_menu_typo_font_size_unit":"px","ocean_menu_typo_font_weight":"","ocean_menu_typo_font_weight_tablet":"","ocean_menu_typo_font_weight_mobile":"","ocean_menu_typo_transform":"","ocean_menu_typo_transform_tablet":"","ocean_menu_typo_transform_mobile":"","ocean_menu_typo_line_height":0,"ocean_menu_typo_line_height_tablet":0,"ocean_menu_typo_line_height_mobile":0,"ocean_menu_typo_line_height_unit":"","ocean_menu_typo_spacing":0,"ocean_menu_typo_spacing_tablet":0,"ocean_menu_typo_spacing_mobile":0,"ocean_menu_typo_spacing_unit":"","ocean_menu_link_color":"","ocean_menu_link_color_hover":"","ocean_menu_link_color_active":"","ocean_menu_link_background":"","ocean_menu_link_hover_background":"","ocean_menu_link_active_background":"","ocean_menu_social_links_bg":"","ocean_menu_social_hover_links_bg":"","ocean_menu_social_links_color":"","ocean_menu_social_hover_links_color":"","ocean_disable_title":"default","ocean_disable_heading":"default","ocean_post_title":"","ocean_post_subheading":"","ocean_post_title_style":"","ocean_post_title_background_color":"","ocean_post_title_background":0,"ocean_post_title_bg_image_position":"","ocean_post_title_bg_image_attachment":"","ocean_post_title_bg_image_repeat":"","ocean_post_title_bg_image_size":"","ocean_post_title_height":0,"ocean_post_title_bg_overlay":0.5,"ocean_post_title_bg_overlay_color":"","ocean_disable_breadcrumbs":"default","ocean_breadcrumbs_color":"","ocean_breadcrumbs_separator_color":"","ocean_breadcrumbs_links_color":"","ocean_breadcrumbs_links_hover_color":"","ocean_display_footer_widgets":"default","ocean_display_footer_bottom":"default","ocean_custom_footer_template":"","omw_enable_modal_window":"enable","footnotes":""},"class_list":["post-2693","page","type-page","status-publish","hentry","entry"],"_links":{"self":[{"href":"https:\/\/sozialwerk-brandenburg.de\/index.php\/wp-json\/wp\/v2\/pages\/2693","targetHints":{"allow":["GET"]}}],"collection":[{"href":"https:\/\/sozialwerk-brandenburg.de\/index.php\/wp-json\/wp\/v2\/pages"}],"about":[{"href":"https:\/\/sozialwerk-brandenburg.de\/index.php\/wp-json\/wp\/v2\/types\/page"}],"author":[{"embeddable":true,"href":"https:\/\/sozialwerk-brandenburg.de\/index.php\/wp-json\/wp\/v2\/users\/1"}],"replies":[{"embeddable":true,"href":"https:\/\/sozialwerk-brandenburg.de\/index.php\/wp-json\/wp\/v2\/comments?post=2693"}],"version-history":[{"count":7,"href":"https:\/\/sozialwerk-brandenburg.de\/index.php\/wp-json\/wp\/v2\/pages\/2693\/revisions"}],"predecessor-version":[{"id":3037,"href":"https:\/\/sozialwerk-brandenburg.de\/index.php\/wp-json\/wp\/v2\/pages\/2693\/revisions\/3037"}],"wp:attachment":[{"href":"https:\/\/sozialwerk-brandenburg.de\/index.php\/wp-json\/wp\/v2\/media?parent=2693"}],"curies":[{"name":"wp","href":"https:\/\/api.w.org\/{rel}","templated":true}]}}